{"id":451,"date":"2020-07-17T11:01:14","date_gmt":"2020-07-17T09:01:14","guid":{"rendered":"https:\/\/xn--brgerstiftung-emscherlippe-land-oid.de\/?page_id=451"},"modified":"2020-11-12T16:10:17","modified_gmt":"2020-11-12T14:10:17","slug":"anneliese-schmiemann-und-guenter-brand-stiftung","status":"publish","type":"page","link":"https:\/\/xn--brgerstiftung-emscherlippe-land-oid.de\/index.php\/partnerstiftungen\/anneliese-schmiemann-und-guenter-brand-stiftung\/","title":{"rendered":"Anneliese Schmiemann und G\u00fcnter Brand Stiftung"},"content":{"rendered":"\n<h3 class=\"wp-block-heading\">gegr\u00fcndet am 12.12.2011<\/h3>\n\n\n\n<p>IBAN: DE 71 4416 0014 0222 2838 00<\/p>\n\n\n\t\t\t<!-- Cool Timeline PRO V4.9 -->\r\n\t\t\t<div class=\"ctl-wrapper\" role=\"region\" aria-label=\"Timeline\">\r\n\t\t\t\t\t\t\t\t<div id=\"cool_timeline_1\" class=\"cool-timeline-wrapper ctl-both-sided ctl-vertical-wrapper ctl-default\" data-nav=\"show\" data-line-filling=\"false\" data-nav-pos=\"right\" data-nav-style=\"style-1\">\r\n\t\t\t\t\t<div class=\"ctl-start\"><\/div>\r\n\t\t\t\t\t<!-- Timeline Container -->\r\n\t\t\t\t\t<div class=\"ctl-timeline ctl-timeline-container\" data-animation=\"none\" aria-live=\"polite\">\r\n\t\t\t\t\t\t<!-- Center Line -->\r\n\t\t\t\t\t\t<div class=\"ctl-inner-line\" role=\"presentation\"><\/div>\r\n\t\t\t\t\t\t<!-- Story Year Section --><div data-cls=\"sc-nv-light vertical\" class=\"timeline-year scrollable-section ctl-year ctl-year-container light-year\" data-section-title=\"2024\" id=\"year-2024\"><div class=\"ctl-year-label ctl-year-text\"><span>2024<\/span><\/div><\/div><!-- Timeline Content --><div id=\"ctl-story-1943\" class=\"ctl-story ctl-story-dot-icon odd ctl-story-right\" data-story-index=\"1\" role=\"article\"><!-- Story Date --><div class=\"ctl-labels\"><div class=\"ctl-label-big story-date\">Jan. 29<\/div><\/div><!-- Story IconDot --><div class=\"ctl-icondot\"><\/div> <!-- Story Arrow --><div class=\"ctl-arrow\"><\/div>\r\n\t\t\t<!-- Story Content --><div class=\"ctl-content\"><!-- Story Title --> <div class=\"ctl-title story-1943\" role=\"heading\" aria-level=\"2\"><a target=\"_self\" title=\"\u201eAnneliese Schmiemann und G\u00fcnter Brand Stiftung\u201c spendet 5.000 Euro an das Elisabeth Hospiz\" href=\"https:\/\/xn--brgerstiftung-emscherlippe-land-oid.de\/index.php\/timeline\/schmiemann-und-brand-an-elisabeth-hospiz\/\" class=\"story-link\">\u201eAnneliese Schmiemann und G\u00fcnter Brand Stiftung\u201c spendet 5.000 Euro an das Elisabeth Hospiz<\/a><\/div><!-- Story Media --><div class=\"ctl-media full\"><a data-glightbox=\"\u201eAnneliese Schmiemann und G\u00fcnter Brand Stiftung\u201c spendet 5.000 Euro an das Elisabeth Hospiz\" href=\"https:\/\/xn--brgerstiftung-emscherlippe-land-oid.de\/wp-content\/uploads\/2024\/01\/Spendenuebergabe-Schmiemann-Brand-scaled.jpg\" class=\"ctl_glightbox\"><img loading=\"lazy\" decoding=\"async\" width=\"525\" height=\"394\" src=\"https:\/\/xn--brgerstiftung-emscherlippe-land-oid.de\/wp-content\/uploads\/2024\/01\/Spendenuebergabe-Schmiemann-Brand-1024x768.jpg\" class=\"story-img wp-post-image\" alt=\"\u201eAnneliese Schmiemann und G\u00fcnter Brand Stiftung\u201c spendet 5.000 Euro an das Elisabeth Hospiz\" srcset=\"https:\/\/xn--brgerstiftung-emscherlippe-land-oid.de\/wp-content\/uploads\/2024\/01\/Spendenuebergabe-Schmiemann-Brand-1024x768.jpg 1024w, https:\/\/xn--brgerstiftung-emscherlippe-land-oid.de\/wp-content\/uploads\/2024\/01\/Spendenuebergabe-Schmiemann-Brand-300x225.jpg 300w, https:\/\/xn--brgerstiftung-emscherlippe-land-oid.de\/wp-content\/uploads\/2024\/01\/Spendenuebergabe-Schmiemann-Brand-768x576.jpg 768w, https:\/\/xn--brgerstiftung-emscherlippe-land-oid.de\/wp-content\/uploads\/2024\/01\/Spendenuebergabe-Schmiemann-Brand-1536x1152.jpg 1536w, https:\/\/xn--brgerstiftung-emscherlippe-land-oid.de\/wp-content\/uploads\/2024\/01\/Spendenuebergabe-Schmiemann-Brand-2048x1536.jpg 2048w\" sizes=\"auto, 100vw\" \/><\/a><\/div><!-- Story Description --><div class=\"ctl-description\"><p>Im Februar 2012 hat G\u00fcnter Brand die \u201eAnneliese Schmiemann und G\u00fcnter Brand Stiftung\u201c als Partnerstiftung der B\u00fcrgerstiftung EmscherLippe-Land gegr\u00fcndet. Der Dattelner hatte die Stiftung nach dem schmerzlichen Verlust seiner Lebensgef\u00e4hrtin, Anneliese Schmiemann, ins Leben gerufen und die Unterst\u00fctzung der Hospizarbeit zum Stiftungsziel gew\u00e4hlt. Leider ist Stifter G\u00fcnter Brand im Oktober&hellip;<br \/><a class=\"read_more ctl_read_more\" target=\"_self\" href=\"https:\/\/xn--brgerstiftung-emscherlippe-land-oid.de\/index.php\/timeline\/schmiemann-und-brand-an-elisabeth-hospiz\/\" role=\"link\">Mehr lesen<\/a><\/p>\n<\/div><\/div><\/div><!-- Story Year Section --><div data-cls=\"sc-nv-light vertical\" class=\"timeline-year scrollable-section ctl-year ctl-year-container light-year\" data-section-title=\"2012\" id=\"year-2012\"><div class=\"ctl-year-label ctl-year-text\"><span>2012<\/span><\/div><\/div><!-- Timeline Content --><div id=\"ctl-story-526\" class=\"ctl-story ctl-story-dot-icon even ctl-story-left\" data-story-index=\"2\" role=\"article\"><!-- Story Date --><div class=\"ctl-labels\"><div class=\"ctl-label-big story-date\">Feb. 07<\/div><\/div><!-- Story IconDot --><div class=\"ctl-icondot\"><\/div> <!-- Story Arrow --><div class=\"ctl-arrow\"><\/div>\r\n\t\t\t<!-- Story Content --><div class=\"ctl-content\"><!-- Story Title --> <div class=\"ctl-title story-526\" role=\"heading\" aria-level=\"2\"><a target=\"_self\" title=\"7. Partnerstiftung der B\u00fcrgerstiftung EmscherLippe-Land m\u00f6chte die Hospizarbeit f\u00f6rdern\" href=\"https:\/\/xn--brgerstiftung-emscherlippe-land-oid.de\/index.php\/timeline\/7-partnerstiftung-der-buergerstiftung-emscherlippe-land-moechte-die-hospizarbeit-foerdern\/\" class=\"story-link\">7. Partnerstiftung der B\u00fcrgerstiftung EmscherLippe-Land m\u00f6chte die Hospizarbeit f\u00f6rdern<\/a><\/div><!-- Story Media --><div class=\"ctl-media full\"><a data-glightbox=\"7. Partnerstiftung der B\u00fcrgerstiftung EmscherLippe-Land m\u00f6chte die Hospizarbeit f\u00f6rdern\" href=\"https:\/\/xn--brgerstiftung-emscherlippe-land-oid.de\/wp-content\/uploads\/2020\/07\/20120207_vorstellung_partnerstiftung.jpg\" class=\"ctl_glightbox\"><img loading=\"lazy\" decoding=\"async\" width=\"525\" height=\"394\" src=\"https:\/\/xn--brgerstiftung-emscherlippe-land-oid.de\/wp-content\/uploads\/2020\/07\/20120207_vorstellung_partnerstiftung.jpg\" class=\"story-img wp-post-image\" alt=\"7. Partnerstiftung der B\u00fcrgerstiftung EmscherLippe-Land m\u00f6chte die Hospizarbeit f\u00f6rdern\" srcset=\"https:\/\/xn--brgerstiftung-emscherlippe-land-oid.de\/wp-content\/uploads\/2020\/07\/20120207_vorstellung_partnerstiftung.jpg 800w, https:\/\/xn--brgerstiftung-emscherlippe-land-oid.de\/wp-content\/uploads\/2020\/07\/20120207_vorstellung_partnerstiftung-300x225.jpg 300w, https:\/\/xn--brgerstiftung-emscherlippe-land-oid.de\/wp-content\/uploads\/2020\/07\/20120207_vorstellung_partnerstiftung-768x576.jpg 768w\" sizes=\"auto, 100vw\" \/><\/a><\/div><!-- Story Description --><div class=\"ctl-description\"><p>Abschied nehmen ist nie leicht &#8211; ganz besonders dann nicht, wenn man wei\u00df, dass es ein endg\u00fcltiger Abschied ist. G\u00fcnter Brand musste diese schmerzliche Erfahrung im September 2011 erleben, als er seine geliebte Lebensgef\u00e4hrtin, Anneliese Schmiemann, nach mehr als 41 gemeinsamen, gl\u00fccklichen Jahren aufgrund schwerer Krankheit gehen lassen musste. Dadurch&hellip;<br \/><a class=\"read_more ctl_read_more\" target=\"_self\" href=\"https:\/\/xn--brgerstiftung-emscherlippe-land-oid.de\/index.php\/timeline\/7-partnerstiftung-der-buergerstiftung-emscherlippe-land-moechte-die-hospizarbeit-foerdern\/\" role=\"link\">Mehr lesen<\/a><\/p>\n<\/div><\/div><\/div>\t\t\t\t\t<\/div>\r\n\t\t\t\t\t<div class=\"ctl-end\"><\/div>\r\n\t\t\t\t\t\t\t\t\t<\/div>\r\n\t\t\t<\/div>\r\n\t\t\t","protected":false},"excerpt":{"rendered":"<p>gegr\u00fcndet am 12.12.2011 IBAN: DE 71 4416 0014 0222 2838 00<\/p>\n","protected":false},"author":1,"featured_media":113,"parent":89,"menu_order":0,"comment_status":"closed","ping_status":"closed","template":"","meta":{"footnotes":""},"class_list":["post-451","page","type-page","status-publish","has-post-thumbnail","hentry"],"yoast_head":"<!-- This site is optimized with the Yoast SEO plugin v27.3 - https:\/\/yoast.com\/product\/yoast-seo-wordpress\/ -->\n<title>Anneliese Schmiemann und G\u00fcnter Brand Stiftung - B\u00fcrgerstiftung Emscherlippe-Land %<\/title>\n<meta name=\"robots\" content=\"index, follow, max-snippet:-1, max-image-preview:large, max-video-preview:-1\" \/>\n<link rel=\"canonical\" href=\"https:\/\/xn--brgerstiftung-emscherlippe-land-oid.de\/index.php\/partnerstiftungen\/anneliese-schmiemann-und-guenter-brand-stiftung\/\" \/>\n<meta property=\"og:locale\" content=\"de_DE\" \/>\n<meta property=\"og:type\" content=\"article\" \/>\n<meta property=\"og:title\" content=\"Anneliese Schmiemann und G\u00fcnter Brand Stiftung - B\u00fcrgerstiftung Emscherlippe-Land %\" \/>\n<meta property=\"og:description\" content=\"gegr\u00fcndet am 12.12.2011 IBAN: DE 71 4416 0014 0222 2838 00\" \/>\n<meta property=\"og:url\" content=\"https:\/\/xn--brgerstiftung-emscherlippe-land-oid.de\/index.php\/partnerstiftungen\/anneliese-schmiemann-und-guenter-brand-stiftung\/\" \/>\n<meta property=\"og:site_name\" content=\"B\u00fcrgerstiftung Emscherlippe-Land\" \/>\n<meta property=\"article:publisher\" content=\"https:\/\/www.facebook.com\/BuergerstiftungEmscherlippeLand\" \/>\n<meta property=\"article:modified_time\" content=\"2020-11-12T14:10:17+00:00\" \/>\n<meta property=\"og:image\" content=\"https:\/\/xn--brgerstiftung-emscherlippe-land-oid.de\/wp-content\/uploads\/2020\/07\/Schmiemann_Brand_Stiftung_500x150.jpg\" \/>\n\t<meta property=\"og:image:width\" content=\"500\" \/>\n\t<meta property=\"og:image:height\" content=\"150\" \/>\n\t<meta property=\"og:image:type\" content=\"image\/jpeg\" \/>\n<meta name=\"twitter:card\" content=\"summary_large_image\" \/>\n<script type=\"application\/ld+json\" class=\"yoast-schema-graph\">{\"@context\":\"https:\\\/\\\/schema.org\",\"@graph\":[{\"@type\":\"WebPage\",\"@id\":\"https:\\\/\\\/xn--brgerstiftung-emscherlippe-land-oid.de\\\/index.php\\\/partnerstiftungen\\\/anneliese-schmiemann-und-guenter-brand-stiftung\\\/\",\"url\":\"https:\\\/\\\/xn--brgerstiftung-emscherlippe-land-oid.de\\\/index.php\\\/partnerstiftungen\\\/anneliese-schmiemann-und-guenter-brand-stiftung\\\/\",\"name\":\"Anneliese Schmiemann und G\u00fcnter Brand Stiftung - B\u00fcrgerstiftung Emscherlippe-Land %\",\"isPartOf\":{\"@id\":\"https:\\\/\\\/xn--brgerstiftung-emscherlippe-land-oid.de\\\/#website\"},\"primaryImageOfPage\":{\"@id\":\"https:\\\/\\\/xn--brgerstiftung-emscherlippe-land-oid.de\\\/index.php\\\/partnerstiftungen\\\/anneliese-schmiemann-und-guenter-brand-stiftung\\\/#primaryimage\"},\"image\":{\"@id\":\"https:\\\/\\\/xn--brgerstiftung-emscherlippe-land-oid.de\\\/index.php\\\/partnerstiftungen\\\/anneliese-schmiemann-und-guenter-brand-stiftung\\\/#primaryimage\"},\"thumbnailUrl\":\"https:\\\/\\\/xn--brgerstiftung-emscherlippe-land-oid.de\\\/wp-content\\\/uploads\\\/2020\\\/07\\\/Schmiemann_Brand_Stiftung_500x150.jpg\",\"datePublished\":\"2020-07-17T09:01:14+00:00\",\"dateModified\":\"2020-11-12T14:10:17+00:00\",\"breadcrumb\":{\"@id\":\"https:\\\/\\\/xn--brgerstiftung-emscherlippe-land-oid.de\\\/index.php\\\/partnerstiftungen\\\/anneliese-schmiemann-und-guenter-brand-stiftung\\\/#breadcrumb\"},\"inLanguage\":\"de\",\"potentialAction\":[{\"@type\":\"ReadAction\",\"target\":[\"https:\\\/\\\/xn--brgerstiftung-emscherlippe-land-oid.de\\\/index.php\\\/partnerstiftungen\\\/anneliese-schmiemann-und-guenter-brand-stiftung\\\/\"]}]},{\"@type\":\"ImageObject\",\"inLanguage\":\"de\",\"@id\":\"https:\\\/\\\/xn--brgerstiftung-emscherlippe-land-oid.de\\\/index.php\\\/partnerstiftungen\\\/anneliese-schmiemann-und-guenter-brand-stiftung\\\/#primaryimage\",\"url\":\"https:\\\/\\\/xn--brgerstiftung-emscherlippe-land-oid.de\\\/wp-content\\\/uploads\\\/2020\\\/07\\\/Schmiemann_Brand_Stiftung_500x150.jpg\",\"contentUrl\":\"https:\\\/\\\/xn--brgerstiftung-emscherlippe-land-oid.de\\\/wp-content\\\/uploads\\\/2020\\\/07\\\/Schmiemann_Brand_Stiftung_500x150.jpg\",\"width\":500,\"height\":150},{\"@type\":\"BreadcrumbList\",\"@id\":\"https:\\\/\\\/xn--brgerstiftung-emscherlippe-land-oid.de\\\/index.php\\\/partnerstiftungen\\\/anneliese-schmiemann-und-guenter-brand-stiftung\\\/#breadcrumb\",\"itemListElement\":[{\"@type\":\"ListItem\",\"position\":1,\"name\":\"Home\",\"item\":\"https:\\\/\\\/xn--brgerstiftung-emscherlippe-land-oid.de\\\/\"},{\"@type\":\"ListItem\",\"position\":2,\"name\":\"Partnerstiftungen\",\"item\":\"https:\\\/\\\/xn--brgerstiftung-emscherlippe-land-oid.de\\\/index.php\\\/partnerstiftungen\\\/\"},{\"@type\":\"ListItem\",\"position\":3,\"name\":\"Anneliese Schmiemann und G\u00fcnter Brand Stiftung\"}]},{\"@type\":\"WebSite\",\"@id\":\"https:\\\/\\\/xn--brgerstiftung-emscherlippe-land-oid.de\\\/#website\",\"url\":\"https:\\\/\\\/xn--brgerstiftung-emscherlippe-land-oid.de\\\/\",\"name\":\"B\u00fcrgerstiftung Emscherlippe-Land\",\"description\":\"Eine Gemeinschaft lebt vom Engagement jedes Einzelnen.\",\"publisher\":{\"@id\":\"https:\\\/\\\/xn--brgerstiftung-emscherlippe-land-oid.de\\\/#organization\"},\"potentialAction\":[{\"@type\":\"SearchAction\",\"target\":{\"@type\":\"EntryPoint\",\"urlTemplate\":\"https:\\\/\\\/xn--brgerstiftung-emscherlippe-land-oid.de\\\/?s={search_term_string}\"},\"query-input\":{\"@type\":\"PropertyValueSpecification\",\"valueRequired\":true,\"valueName\":\"search_term_string\"}}],\"inLanguage\":\"de\"},{\"@type\":\"Organization\",\"@id\":\"https:\\\/\\\/xn--brgerstiftung-emscherlippe-land-oid.de\\\/#organization\",\"name\":\"B\u00fcrgerstiftung Emscherlippe-Land\",\"url\":\"https:\\\/\\\/xn--brgerstiftung-emscherlippe-land-oid.de\\\/\",\"logo\":{\"@type\":\"ImageObject\",\"inLanguage\":\"de\",\"@id\":\"https:\\\/\\\/xn--brgerstiftung-emscherlippe-land-oid.de\\\/#\\\/schema\\\/logo\\\/image\\\/\",\"url\":\"https:\\\/\\\/xn--brgerstiftung-emscherlippe-land-oid.de\\\/wp-content\\\/uploads\\\/2020\\\/07\\\/BSLogoSchriftRechts-scaled.jpg\",\"contentUrl\":\"https:\\\/\\\/xn--brgerstiftung-emscherlippe-land-oid.de\\\/wp-content\\\/uploads\\\/2020\\\/07\\\/BSLogoSchriftRechts-scaled.jpg\",\"width\":2560,\"height\":792,\"caption\":\"B\u00fcrgerstiftung Emscherlippe-Land\"},\"image\":{\"@id\":\"https:\\\/\\\/xn--brgerstiftung-emscherlippe-land-oid.de\\\/#\\\/schema\\\/logo\\\/image\\\/\"},\"sameAs\":[\"https:\\\/\\\/www.facebook.com\\\/BuergerstiftungEmscherlippeLand\"]}]}<\/script>\n<!-- \/ Yoast SEO plugin. -->","yoast_head_json":{"title":"Anneliese Schmiemann und G\u00fcnter Brand Stiftung - B\u00fcrgerstiftung Emscherlippe-Land %","robots":{"index":"index","follow":"follow","max-snippet":"max-snippet:-1","max-image-preview":"max-image-preview:large","max-video-preview":"max-video-preview:-1"},"canonical":"https:\/\/xn--brgerstiftung-emscherlippe-land-oid.de\/index.php\/partnerstiftungen\/anneliese-schmiemann-und-guenter-brand-stiftung\/","og_locale":"de_DE","og_type":"article","og_title":"Anneliese Schmiemann und G\u00fcnter Brand Stiftung - B\u00fcrgerstiftung Emscherlippe-Land %","og_description":"gegr\u00fcndet am 12.12.2011 IBAN: DE 71 4416 0014 0222 2838 00","og_url":"https:\/\/xn--brgerstiftung-emscherlippe-land-oid.de\/index.php\/partnerstiftungen\/anneliese-schmiemann-und-guenter-brand-stiftung\/","og_site_name":"B\u00fcrgerstiftung Emscherlippe-Land","article_publisher":"https:\/\/www.facebook.com\/BuergerstiftungEmscherlippeLand","article_modified_time":"2020-11-12T14:10:17+00:00","og_image":[{"width":500,"height":150,"url":"https:\/\/xn--brgerstiftung-emscherlippe-land-oid.de\/wp-content\/uploads\/2020\/07\/Schmiemann_Brand_Stiftung_500x150.jpg","type":"image\/jpeg"}],"twitter_card":"summary_large_image","schema":{"@context":"https:\/\/schema.org","@graph":[{"@type":"WebPage","@id":"https:\/\/xn--brgerstiftung-emscherlippe-land-oid.de\/index.php\/partnerstiftungen\/anneliese-schmiemann-und-guenter-brand-stiftung\/","url":"https:\/\/xn--brgerstiftung-emscherlippe-land-oid.de\/index.php\/partnerstiftungen\/anneliese-schmiemann-und-guenter-brand-stiftung\/","name":"Anneliese Schmiemann und G\u00fcnter Brand Stiftung - B\u00fcrgerstiftung Emscherlippe-Land %","isPartOf":{"@id":"https:\/\/xn--brgerstiftung-emscherlippe-land-oid.de\/#website"},"primaryImageOfPage":{"@id":"https:\/\/xn--brgerstiftung-emscherlippe-land-oid.de\/index.php\/partnerstiftungen\/anneliese-schmiemann-und-guenter-brand-stiftung\/#primaryimage"},"image":{"@id":"https:\/\/xn--brgerstiftung-emscherlippe-land-oid.de\/index.php\/partnerstiftungen\/anneliese-schmiemann-und-guenter-brand-stiftung\/#primaryimage"},"thumbnailUrl":"https:\/\/xn--brgerstiftung-emscherlippe-land-oid.de\/wp-content\/uploads\/2020\/07\/Schmiemann_Brand_Stiftung_500x150.jpg","datePublished":"2020-07-17T09:01:14+00:00","dateModified":"2020-11-12T14:10:17+00:00","breadcrumb":{"@id":"https:\/\/xn--brgerstiftung-emscherlippe-land-oid.de\/index.php\/partnerstiftungen\/anneliese-schmiemann-und-guenter-brand-stiftung\/#breadcrumb"},"inLanguage":"de","potentialAction":[{"@type":"ReadAction","target":["https:\/\/xn--brgerstiftung-emscherlippe-land-oid.de\/index.php\/partnerstiftungen\/anneliese-schmiemann-und-guenter-brand-stiftung\/"]}]},{"@type":"ImageObject","inLanguage":"de","@id":"https:\/\/xn--brgerstiftung-emscherlippe-land-oid.de\/index.php\/partnerstiftungen\/anneliese-schmiemann-und-guenter-brand-stiftung\/#primaryimage","url":"https:\/\/xn--brgerstiftung-emscherlippe-land-oid.de\/wp-content\/uploads\/2020\/07\/Schmiemann_Brand_Stiftung_500x150.jpg","contentUrl":"https:\/\/xn--brgerstiftung-emscherlippe-land-oid.de\/wp-content\/uploads\/2020\/07\/Schmiemann_Brand_Stiftung_500x150.jpg","width":500,"height":150},{"@type":"BreadcrumbList","@id":"https:\/\/xn--brgerstiftung-emscherlippe-land-oid.de\/index.php\/partnerstiftungen\/anneliese-schmiemann-und-guenter-brand-stiftung\/#breadcrumb","itemListElement":[{"@type":"ListItem","position":1,"name":"Home","item":"https:\/\/xn--brgerstiftung-emscherlippe-land-oid.de\/"},{"@type":"ListItem","position":2,"name":"Partnerstiftungen","item":"https:\/\/xn--brgerstiftung-emscherlippe-land-oid.de\/index.php\/partnerstiftungen\/"},{"@type":"ListItem","position":3,"name":"Anneliese Schmiemann und G\u00fcnter Brand Stiftung"}]},{"@type":"WebSite","@id":"https:\/\/xn--brgerstiftung-emscherlippe-land-oid.de\/#website","url":"https:\/\/xn--brgerstiftung-emscherlippe-land-oid.de\/","name":"B\u00fcrgerstiftung Emscherlippe-Land","description":"Eine Gemeinschaft lebt vom Engagement jedes Einzelnen.","publisher":{"@id":"https:\/\/xn--brgerstiftung-emscherlippe-land-oid.de\/#organization"},"potentialAction":[{"@type":"SearchAction","target":{"@type":"EntryPoint","urlTemplate":"https:\/\/xn--brgerstiftung-emscherlippe-land-oid.de\/?s={search_term_string}"},"query-input":{"@type":"PropertyValueSpecification","valueRequired":true,"valueName":"search_term_string"}}],"inLanguage":"de"},{"@type":"Organization","@id":"https:\/\/xn--brgerstiftung-emscherlippe-land-oid.de\/#organization","name":"B\u00fcrgerstiftung Emscherlippe-Land","url":"https:\/\/xn--brgerstiftung-emscherlippe-land-oid.de\/","logo":{"@type":"ImageObject","inLanguage":"de","@id":"https:\/\/xn--brgerstiftung-emscherlippe-land-oid.de\/#\/schema\/logo\/image\/","url":"https:\/\/xn--brgerstiftung-emscherlippe-land-oid.de\/wp-content\/uploads\/2020\/07\/BSLogoSchriftRechts-scaled.jpg","contentUrl":"https:\/\/xn--brgerstiftung-emscherlippe-land-oid.de\/wp-content\/uploads\/2020\/07\/BSLogoSchriftRechts-scaled.jpg","width":2560,"height":792,"caption":"B\u00fcrgerstiftung Emscherlippe-Land"},"image":{"@id":"https:\/\/xn--brgerstiftung-emscherlippe-land-oid.de\/#\/schema\/logo\/image\/"},"sameAs":["https:\/\/www.facebook.com\/BuergerstiftungEmscherlippeLand"]}]}},"_links":{"self":[{"href":"https:\/\/xn--brgerstiftung-emscherlippe-land-oid.de\/index.php\/wp-json\/wp\/v2\/pages\/451","targetHints":{"allow":["GET"]}}],"collection":[{"href":"https:\/\/xn--brgerstiftung-emscherlippe-land-oid.de\/index.php\/wp-json\/wp\/v2\/pages"}],"about":[{"href":"https:\/\/xn--brgerstiftung-emscherlippe-land-oid.de\/index.php\/wp-json\/wp\/v2\/types\/page"}],"author":[{"embeddable":true,"href":"https:\/\/xn--brgerstiftung-emscherlippe-land-oid.de\/index.php\/wp-json\/wp\/v2\/users\/1"}],"replies":[{"embeddable":true,"href":"https:\/\/xn--brgerstiftung-emscherlippe-land-oid.de\/index.php\/wp-json\/wp\/v2\/comments?post=451"}],"version-history":[{"count":2,"href":"https:\/\/xn--brgerstiftung-emscherlippe-land-oid.de\/index.php\/wp-json\/wp\/v2\/pages\/451\/revisions"}],"predecessor-version":[{"id":1235,"href":"https:\/\/xn--brgerstiftung-emscherlippe-land-oid.de\/index.php\/wp-json\/wp\/v2\/pages\/451\/revisions\/1235"}],"up":[{"embeddable":true,"href":"https:\/\/xn--brgerstiftung-emscherlippe-land-oid.de\/index.php\/wp-json\/wp\/v2\/pages\/89"}],"wp:featuredmedia":[{"embeddable":true,"href":"https:\/\/xn--brgerstiftung-emscherlippe-land-oid.de\/index.php\/wp-json\/wp\/v2\/media\/113"}],"wp:attachment":[{"href":"https:\/\/xn--brgerstiftung-emscherlippe-land-oid.de\/index.php\/wp-json\/wp\/v2\/media?parent=451"}],"curies":[{"name":"wp","href":"https:\/\/api.w.org\/{rel}","templated":true}]}}