{"id":366,"date":"2020-07-16T14:48:35","date_gmt":"2020-07-16T12:48:35","guid":{"rendered":"https:\/\/xn--brgerstiftung-emscherlippe-land-oid.de\/?page_id=366"},"modified":"2020-11-12T16:16:30","modified_gmt":"2020-11-12T14:16:30","slug":"maria-und-heinrich-milk-stiftung","status":"publish","type":"page","link":"https:\/\/xn--brgerstiftung-emscherlippe-land-oid.de\/index.php\/partnerstiftungen\/maria-und-heinrich-milk-stiftung\/","title":{"rendered":"Maria und Heinrich Milk Stiftung"},"content":{"rendered":"\n<h3 class=\"wp-block-heading\">gegr\u00fcndet am 21.12.2007<\/h3>\n\n\n\n<p>IBAN: DE50 4416 0014 0004 4441 00<\/p>\n\n\n\t\t\t<!-- Cool Timeline PRO V4.9 -->\r\n\t\t\t<div class=\"ctl-wrapper\" role=\"region\" aria-label=\"Timeline\">\r\n\t\t\t\t\t\t\t\t<div id=\"cool_timeline_1\" class=\"cool-timeline-wrapper ctl-both-sided ctl-vertical-wrapper ctl-default\" data-nav=\"show\" data-line-filling=\"false\" data-nav-pos=\"right\" data-nav-style=\"style-1\">\r\n\t\t\t\t\t<div class=\"ctl-start\"><\/div>\r\n\t\t\t\t\t<!-- Timeline Container -->\r\n\t\t\t\t\t<div class=\"ctl-timeline ctl-timeline-container\" data-animation=\"none\" aria-live=\"polite\">\r\n\t\t\t\t\t\t<!-- Center Line -->\r\n\t\t\t\t\t\t<div class=\"ctl-inner-line\" role=\"presentation\"><\/div>\r\n\t\t\t\t\t\t<!-- Story Year Section --><div data-cls=\"sc-nv-light vertical\" class=\"timeline-year scrollable-section ctl-year ctl-year-container light-year\" data-section-title=\"2013\" id=\"year-2013\"><div class=\"ctl-year-label ctl-year-text\"><span>2013<\/span><\/div><\/div><!-- Timeline Content --><div id=\"ctl-story-822\" class=\"ctl-story ctl-story-dot-icon odd ctl-story-right\" data-story-index=\"1\" role=\"article\"><!-- Story Date --><div class=\"ctl-labels\"><div class=\"ctl-label-big story-date\">Sep. 27<\/div><\/div><!-- Story IconDot --><div class=\"ctl-icondot\"><\/div> <!-- Story Arrow --><div class=\"ctl-arrow\"><\/div>\r\n\t\t\t<!-- Story Content --><div class=\"ctl-content\"><!-- Story Title --> <div class=\"ctl-title story-822\" role=\"heading\" aria-level=\"2\"><a target=\"_self\" title=\"Familie Milk spendet zwei Tandems an Schule Oberwiese\" href=\"https:\/\/xn--brgerstiftung-emscherlippe-land-oid.de\/index.php\/timeline\/familie-milk-spendet-zwei-tandems-an-schule-oberwiese\/\" class=\"story-link\">Familie Milk spendet zwei Tandems an Schule Oberwiese<\/a><\/div><div class=\"ctp-media-slider\"><!-- Story Slider Container -->\r\n\t\t\t\t\t\t<div id=\"story-822\" class=\"ctp-story-slider story-swiper-822\" data-swiper-autoplay=\"1\" data-swiper-speed=\"5000\">\r\n\t\t\t\t\t\t\t<div class=\"story-swiper-wrapper swiper-wrapper\">\r\n\t\t\t\t\t\t\t\t<!-- Slides --><div class=\"story-slide swiper-slide\"><a class=\"ctl_glightbox_gallery\" data-gallery=\"ctl_glightbox_gallery[g_gallery-822]\" href=\"https:\/\/xn--brgerstiftung-emscherlippe-land-oid.de\/wp-content\/uploads\/2020\/07\/201309_SchuleOberwiese3.jpg\"><img decoding=\"async\" class=\"story-image\" src=\"https:\/\/xn--brgerstiftung-emscherlippe-land-oid.de\/wp-content\/uploads\/2020\/07\/201309_SchuleOberwiese3-1024x704.jpg\" class=\"no-lazyload skip-lazy\"><\/a><\/div><div class=\"story-slide swiper-slide\"><a class=\"ctl_glightbox_gallery\" data-gallery=\"ctl_glightbox_gallery[g_gallery-822]\" href=\"https:\/\/xn--brgerstiftung-emscherlippe-land-oid.de\/wp-content\/uploads\/2020\/07\/201309_SchuleOberwiese2.jpg\"><img decoding=\"async\" class=\"story-image\" src=\"https:\/\/xn--brgerstiftung-emscherlippe-land-oid.de\/wp-content\/uploads\/2020\/07\/201309_SchuleOberwiese2-1024x768.jpg\" class=\"no-lazyload skip-lazy\"><\/a><\/div><div class=\"story-slide swiper-slide\"><a class=\"ctl_glightbox_gallery\" data-gallery=\"ctl_glightbox_gallery[g_gallery-822]\" href=\"https:\/\/xn--brgerstiftung-emscherlippe-land-oid.de\/wp-content\/uploads\/2020\/07\/201309_SchuleOberwiese1.jpg\"><img decoding=\"async\" class=\"story-image\" src=\"https:\/\/xn--brgerstiftung-emscherlippe-land-oid.de\/wp-content\/uploads\/2020\/07\/201309_SchuleOberwiese1-1024x768.jpg\" class=\"no-lazyload skip-lazy\"><\/a><\/div><\/div>\r\n\t\t\t\t\t\t\t<div class=\"story-swiper-pagination\"><\/div>\r\n\t\t\t\t\t\t\t<div class=\"story-swiper-button-prev\"><svg xmlns=\"http:\/\/www.w3.org\/2000\/svg\" height=\"1em\" viewBox=\"0 0 320 512\">\r\n\t\t\t\t<path d=\"M34.52 239.03L228.87 44.69c9.37-9.37 24.57-9.37 33.94 0l22.67 22.67c9.36 9.36 9.37 24.52.04 33.9L131.49 256l154.02 154.75c9.34 9.38 9.32 24.54-.04 33.9l-22.67 22.67c-9.37 9.37-24.57 9.37-33.94 0L34.52 272.97c-9.37-9.37-9.37-24.57 0-33.94z\"\/>\r\n\t\t\t\t<\/svg><\/div>\r\n\t\t\t\t\t\t\t<div class=\"story-swiper-button-next\"><svg xmlns=\"http:\/\/www.w3.org\/2000\/svg\" height=\"1em\" viewBox=\"0 0 320 512\">\r\n\t\t\t\t<path d=\"M285.476 272.971L91.132 467.314c-9.373 9.373-24.569 9.373-33.941 0l-22.667-22.667c-9.357-9.357-9.375-24.522-.04-33.901L188.505 256 34.484 101.255c-9.335-9.379-9.317-24.544.04-33.901l22.667-22.667c9.373-9.373 24.569-9.373 33.941 0L285.475 239.03c9.373 9.372 9.373 24.568.001 33.941z\"\/>\r\n\t\t\t\t<\/svg><\/div>\r\n\t\t\t\t\t\t<\/div><\/div><!-- Story Description --><div class=\"ctl-description\"><p>Mit einer Fahrradspende \u00fcberraschte die Maria und Heinrich Milk Stiftung in der vergangenen Woche die Schule Oberwiese. Zwei Tandems stehen von nun an den Kindern und Jugendlichen zum ausgiebigen Radspa\u00df in Oberwiese zur Verf\u00fcgung. Der Hintermann \u00fcbernimmt dabei das Steuer und auf dem Vordersitz darf flei\u00dfig mit getreten werden. Eine&hellip;<br \/><a class=\"read_more ctl_read_more\" target=\"_self\" href=\"https:\/\/xn--brgerstiftung-emscherlippe-land-oid.de\/index.php\/timeline\/familie-milk-spendet-zwei-tandems-an-schule-oberwiese\/\" role=\"link\">Mehr lesen<\/a><\/p>\n<\/div><\/div><\/div><!-- Story Year Section --><div data-cls=\"sc-nv-light vertical\" class=\"timeline-year scrollable-section ctl-year ctl-year-container light-year\" data-section-title=\"2012\" id=\"year-2012\"><div class=\"ctl-year-label ctl-year-text\"><span>2012<\/span><\/div><\/div><!-- Timeline Content --><div id=\"ctl-story-820\" class=\"ctl-story ctl-story-dot-icon even ctl-story-left\" data-story-index=\"2\" role=\"article\"><!-- Story Date --><div class=\"ctl-labels\"><div class=\"ctl-label-big story-date\">Dez. 12<\/div><\/div><!-- Story IconDot --><div class=\"ctl-icondot\"><\/div> <!-- Story Arrow --><div class=\"ctl-arrow\"><\/div>\r\n\t\t\t<!-- Story Content --><div class=\"ctl-content\"><!-- Story Title --> <div class=\"ctl-title story-820\" role=\"heading\" aria-level=\"2\"><a target=\"_self\" title=\"Weihnachtsgeschenke f\u00fcr benachteiligte Kinder\" href=\"https:\/\/xn--brgerstiftung-emscherlippe-land-oid.de\/index.php\/timeline\/weihnachtsgeschenke-fuer-benachteiligte-kinder\/\" class=\"story-link\">Weihnachtsgeschenke f\u00fcr benachteiligte Kinder<\/a><\/div><!-- Story Media --><div class=\"ctl-media full\"><a data-glightbox=\"Weihnachtsgeschenke f\u00fcr benachteiligte Kinder\" href=\"https:\/\/xn--brgerstiftung-emscherlippe-land-oid.de\/wp-content\/uploads\/2020\/07\/20121212_Milk-SkF.jpg\" class=\"ctl_glightbox\"><img loading=\"lazy\" decoding=\"async\" width=\"525\" height=\"350\" src=\"https:\/\/xn--brgerstiftung-emscherlippe-land-oid.de\/wp-content\/uploads\/2020\/07\/20121212_Milk-SkF.jpg\" class=\"story-img wp-post-image\" alt=\"Weihnachtsgeschenke f\u00fcr benachteiligte Kinder\" srcset=\"https:\/\/xn--brgerstiftung-emscherlippe-land-oid.de\/wp-content\/uploads\/2020\/07\/20121212_Milk-SkF.jpg 800w, https:\/\/xn--brgerstiftung-emscherlippe-land-oid.de\/wp-content\/uploads\/2020\/07\/20121212_Milk-SkF-300x200.jpg 300w, https:\/\/xn--brgerstiftung-emscherlippe-land-oid.de\/wp-content\/uploads\/2020\/07\/20121212_Milk-SkF-768x513.jpg 768w\" sizes=\"auto, 100vw\" \/><\/a><\/div><!-- Story Description --><div class=\"ctl-description\"><p>SkF erh\u00e4lt 1.000 Euro Spende Wenn Eltern ihrer Rolle nicht mehr gerecht werden k\u00f6nnen und Kinder in ihren Familien leiden, dann muss schnell gehandelt werden. Oftmals werden Kinder dann zun\u00e4chst in einer Pflegefamilie oder einer Wohngruppe untergebracht, um die Situation zu entspannen. Kommt es zu einem Sorgerechtsentzug,\u00a0 bestellt das Gericht&hellip;<br \/><a class=\"read_more ctl_read_more\" target=\"_self\" href=\"https:\/\/xn--brgerstiftung-emscherlippe-land-oid.de\/index.php\/timeline\/weihnachtsgeschenke-fuer-benachteiligte-kinder\/\" role=\"link\">Mehr lesen<\/a><\/p>\n<\/div><\/div><\/div><!-- Timeline Content --><div id=\"ctl-story-540\" class=\"ctl-story ctl-story-dot-icon odd ctl-story-right\" data-story-index=\"3\" role=\"article\"><!-- Story Date --><div class=\"ctl-labels\"><div class=\"ctl-label-big story-date\">Nov. 26<\/div><\/div><!-- Story IconDot --><div class=\"ctl-icondot\"><\/div> <!-- Story Arrow --><div class=\"ctl-arrow\"><\/div>\r\n\t\t\t<!-- Story Content --><div class=\"ctl-content\"><!-- Story Title --> <div class=\"ctl-title story-540\" role=\"heading\" aria-level=\"2\"><a target=\"_self\" title=\"B\u00fcrgerstiftunB\u00fcrgerstiftung EmscherLippe-Land und Maria und Heinrich Milk Stiftung unterst\u00fctzen integratives Spielen an der Lutherschule\" href=\"https:\/\/xn--brgerstiftung-emscherlippe-land-oid.de\/index.php\/timeline\/buergerstiftunbuergerstiftung-emscherlippe-land-und-maria-und-heinrich-milk-stiftung-unterstuetzen-integratives-spielen-an-der-lutherschule\/\" class=\"story-link\">B\u00fcrgerstiftunB\u00fcrgerstiftung EmscherLippe-Land und Maria und Heinrich Milk Stiftung unterst\u00fctzen integratives Spielen an der Lutherschule<\/a><\/div><!-- Story Media --><div class=\"ctl-media full\"><a data-glightbox=\"B\u00fcrgerstiftunB\u00fcrgerstiftung EmscherLippe-Land und Maria und Heinrich Milk Stiftung unterst\u00fctzen integratives Spielen an der Lutherschule\" href=\"https:\/\/xn--brgerstiftung-emscherlippe-land-oid.de\/wp-content\/uploads\/2020\/07\/20121126_Lutherschule_waltrop.jpg\" class=\"ctl_glightbox\"><img loading=\"lazy\" decoding=\"async\" width=\"525\" height=\"394\" src=\"https:\/\/xn--brgerstiftung-emscherlippe-land-oid.de\/wp-content\/uploads\/2020\/07\/20121126_Lutherschule_waltrop.jpg\" class=\"story-img wp-post-image\" alt=\"B\u00fcrgerstiftunB\u00fcrgerstiftung EmscherLippe-Land und Maria und Heinrich Milk Stiftung unterst\u00fctzen integratives Spielen an der Lutherschule\" srcset=\"https:\/\/xn--brgerstiftung-emscherlippe-land-oid.de\/wp-content\/uploads\/2020\/07\/20121126_Lutherschule_waltrop.jpg 800w, https:\/\/xn--brgerstiftung-emscherlippe-land-oid.de\/wp-content\/uploads\/2020\/07\/20121126_Lutherschule_waltrop-300x225.jpg 300w, https:\/\/xn--brgerstiftung-emscherlippe-land-oid.de\/wp-content\/uploads\/2020\/07\/20121126_Lutherschule_waltrop-768x577.jpg 768w\" sizes=\"auto, 100vw\" \/><\/a><\/div><!-- Story Description --><div class=\"ctl-description\"><p>Im September erreichte die B\u00fcrgerstiftung EmscherLippe-Land die Anfrage von Renata Niermann, der ersten Vorsitzenden des F\u00f6rdervereins der Lutherschule. Ein neues Spielger\u00e4t namens &#8222;Supernova&#8220; sollte angeschafft werden, um vor allem das integrative Konzept der Schule umzusetzen. Denn &#8222;Supernova&#8220; erm\u00f6glicht allen Kindern das gemeinsame Spielen &#8211; ob mit oder ohne Handicap. &#8222;Doch&hellip;<br \/><a class=\"read_more ctl_read_more\" target=\"_self\" href=\"https:\/\/xn--brgerstiftung-emscherlippe-land-oid.de\/index.php\/timeline\/buergerstiftunbuergerstiftung-emscherlippe-land-und-maria-und-heinrich-milk-stiftung-unterstuetzen-integratives-spielen-an-der-lutherschule\/\" role=\"link\">Mehr lesen<\/a><\/p>\n<\/div><\/div><\/div><!-- Story Year Section --><div data-cls=\"sc-nv-light vertical\" class=\"timeline-year scrollable-section ctl-year ctl-year-container light-year\" data-section-title=\"2008\" id=\"year-2008\"><div class=\"ctl-year-label ctl-year-text\"><span>2008<\/span><\/div><\/div><!-- Timeline Content --><div id=\"ctl-story-365\" class=\"ctl-story ctl-story-dot-icon even ctl-story-left ctl-no-media\" data-story-index=\"4\" role=\"article\"><!-- Story Date --><div class=\"ctl-labels\"><div class=\"ctl-label-big story-date\">Juli 04<\/div><\/div><!-- Story IconDot --><div class=\"ctl-icondot\"><\/div> <!-- Story Arrow --><div class=\"ctl-arrow\"><\/div>\r\n\t\t\t<!-- Story Content --><div class=\"ctl-content\"><!-- Story Title --> <div class=\"ctl-title story-365\" role=\"heading\" aria-level=\"2\"><a target=\"_self\" title=\"Vierter Partner der B\u00fcrgerstiftung EmscherLippe-Land\" href=\"https:\/\/xn--brgerstiftung-emscherlippe-land-oid.de\/index.php\/timeline\/vierter-partner-der-buergerstiftung-emscherlippe-land\/\" class=\"story-link\">Vierter Partner der B\u00fcrgerstiftung EmscherLippe-Land<\/a><\/div><!-- Story Description --><div class=\"ctl-description\"><p>Die Maria und Heinrich Milk Stiftung ist nun schon die vierte Partnerstiftung unter dem Dach der B\u00fcrgerstiftung EmscherLippe-Land. \u201eEngagement eines jeden Einzelnen, gemeinsam etwas bewegen, davon lebt unsere Gemeinschaft\u201c, diese Gedanken waren die Triebfedern der Gr\u00fcndung und sind Motor f\u00fcr ein auf ewig gerichtetes Engagement des Ehepaares Milk. Ludger Suttmeyer,&hellip;<br \/><a class=\"read_more ctl_read_more\" target=\"_self\" href=\"https:\/\/xn--brgerstiftung-emscherlippe-land-oid.de\/index.php\/timeline\/vierter-partner-der-buergerstiftung-emscherlippe-land\/\" role=\"link\">Mehr lesen<\/a><\/p>\n<\/div><\/div><\/div>\t\t\t\t\t<\/div>\r\n\t\t\t\t\t<div class=\"ctl-end\"><\/div>\r\n\t\t\t\t\t\t\t\t\t<\/div>\r\n\t\t\t<\/div>\r\n\t\t\t","protected":false},"excerpt":{"rendered":"<p>gegr\u00fcndet am 21.12.2007 IBAN: DE50 4416 0014 0004 4441 00<\/p>\n","protected":false},"author":1,"featured_media":114,"parent":89,"menu_order":0,"comment_status":"closed","ping_status":"closed","template":"","meta":{"footnotes":""},"class_list":["post-366","page","type-page","status-publish","has-post-thumbnail","hentry"],"yoast_head":"<!-- This site is optimized with the Yoast SEO plugin v27.5 - https:\/\/yoast.com\/product\/yoast-seo-wordpress\/ -->\n<title>Maria und Heinrich Milk Stiftung - B\u00fcrgerstiftung Emscherlippe-Land %<\/title>\n<meta name=\"robots\" content=\"index, follow, max-snippet:-1, max-image-preview:large, max-video-preview:-1\" \/>\n<link rel=\"canonical\" href=\"https:\/\/xn--brgerstiftung-emscherlippe-land-oid.de\/index.php\/partnerstiftungen\/maria-und-heinrich-milk-stiftung\/\" \/>\n<meta property=\"og:locale\" content=\"de_DE\" \/>\n<meta property=\"og:type\" content=\"article\" \/>\n<meta property=\"og:title\" content=\"Maria und Heinrich Milk Stiftung - B\u00fcrgerstiftung Emscherlippe-Land %\" \/>\n<meta property=\"og:description\" content=\"gegr\u00fcndet am 21.12.2007 IBAN: DE50 4416 0014 0004 4441 00\" \/>\n<meta property=\"og:url\" content=\"https:\/\/xn--brgerstiftung-emscherlippe-land-oid.de\/index.php\/partnerstiftungen\/maria-und-heinrich-milk-stiftung\/\" \/>\n<meta property=\"og:site_name\" content=\"B\u00fcrgerstiftung Emscherlippe-Land\" \/>\n<meta property=\"article:publisher\" content=\"https:\/\/www.facebook.com\/BuergerstiftungEmscherlippeLand\" \/>\n<meta property=\"article:modified_time\" content=\"2020-11-12T14:16:30+00:00\" \/>\n<meta property=\"og:image\" content=\"https:\/\/xn--brgerstiftung-emscherlippe-land-oid.de\/wp-content\/uploads\/2020\/07\/MilkStiftung_500x150.gif\" \/>\n\t<meta property=\"og:image:width\" content=\"500\" \/>\n\t<meta property=\"og:image:height\" content=\"150\" \/>\n\t<meta property=\"og:image:type\" content=\"image\/gif\" \/>\n<meta name=\"twitter:card\" content=\"summary_large_image\" \/>\n<script type=\"application\/ld+json\" class=\"yoast-schema-graph\">{\"@context\":\"https:\\\/\\\/schema.org\",\"@graph\":[{\"@type\":\"WebPage\",\"@id\":\"https:\\\/\\\/xn--brgerstiftung-emscherlippe-land-oid.de\\\/index.php\\\/partnerstiftungen\\\/maria-und-heinrich-milk-stiftung\\\/\",\"url\":\"https:\\\/\\\/xn--brgerstiftung-emscherlippe-land-oid.de\\\/index.php\\\/partnerstiftungen\\\/maria-und-heinrich-milk-stiftung\\\/\",\"name\":\"Maria und Heinrich Milk Stiftung - B\u00fcrgerstiftung Emscherlippe-Land %\",\"isPartOf\":{\"@id\":\"https:\\\/\\\/xn--brgerstiftung-emscherlippe-land-oid.de\\\/#website\"},\"primaryImageOfPage\":{\"@id\":\"https:\\\/\\\/xn--brgerstiftung-emscherlippe-land-oid.de\\\/index.php\\\/partnerstiftungen\\\/maria-und-heinrich-milk-stiftung\\\/#primaryimage\"},\"image\":{\"@id\":\"https:\\\/\\\/xn--brgerstiftung-emscherlippe-land-oid.de\\\/index.php\\\/partnerstiftungen\\\/maria-und-heinrich-milk-stiftung\\\/#primaryimage\"},\"thumbnailUrl\":\"https:\\\/\\\/xn--brgerstiftung-emscherlippe-land-oid.de\\\/wp-content\\\/uploads\\\/2020\\\/07\\\/MilkStiftung_500x150.gif\",\"datePublished\":\"2020-07-16T12:48:35+00:00\",\"dateModified\":\"2020-11-12T14:16:30+00:00\",\"breadcrumb\":{\"@id\":\"https:\\\/\\\/xn--brgerstiftung-emscherlippe-land-oid.de\\\/index.php\\\/partnerstiftungen\\\/maria-und-heinrich-milk-stiftung\\\/#breadcrumb\"},\"inLanguage\":\"de\",\"potentialAction\":[{\"@type\":\"ReadAction\",\"target\":[\"https:\\\/\\\/xn--brgerstiftung-emscherlippe-land-oid.de\\\/index.php\\\/partnerstiftungen\\\/maria-und-heinrich-milk-stiftung\\\/\"]}]},{\"@type\":\"ImageObject\",\"inLanguage\":\"de\",\"@id\":\"https:\\\/\\\/xn--brgerstiftung-emscherlippe-land-oid.de\\\/index.php\\\/partnerstiftungen\\\/maria-und-heinrich-milk-stiftung\\\/#primaryimage\",\"url\":\"https:\\\/\\\/xn--brgerstiftung-emscherlippe-land-oid.de\\\/wp-content\\\/uploads\\\/2020\\\/07\\\/MilkStiftung_500x150.gif\",\"contentUrl\":\"https:\\\/\\\/xn--brgerstiftung-emscherlippe-land-oid.de\\\/wp-content\\\/uploads\\\/2020\\\/07\\\/MilkStiftung_500x150.gif\",\"width\":500,\"height\":150},{\"@type\":\"BreadcrumbList\",\"@id\":\"https:\\\/\\\/xn--brgerstiftung-emscherlippe-land-oid.de\\\/index.php\\\/partnerstiftungen\\\/maria-und-heinrich-milk-stiftung\\\/#breadcrumb\",\"itemListElement\":[{\"@type\":\"ListItem\",\"position\":1,\"name\":\"Home\",\"item\":\"https:\\\/\\\/xn--brgerstiftung-emscherlippe-land-oid.de\\\/\"},{\"@type\":\"ListItem\",\"position\":2,\"name\":\"Partnerstiftungen\",\"item\":\"https:\\\/\\\/xn--brgerstiftung-emscherlippe-land-oid.de\\\/index.php\\\/partnerstiftungen\\\/\"},{\"@type\":\"ListItem\",\"position\":3,\"name\":\"Maria und Heinrich Milk Stiftung\"}]},{\"@type\":\"WebSite\",\"@id\":\"https:\\\/\\\/xn--brgerstiftung-emscherlippe-land-oid.de\\\/#website\",\"url\":\"https:\\\/\\\/xn--brgerstiftung-emscherlippe-land-oid.de\\\/\",\"name\":\"B\u00fcrgerstiftung Emscherlippe-Land\",\"description\":\"Eine Gemeinschaft lebt vom Engagement jedes Einzelnen.\",\"publisher\":{\"@id\":\"https:\\\/\\\/xn--brgerstiftung-emscherlippe-land-oid.de\\\/#organization\"},\"potentialAction\":[{\"@type\":\"SearchAction\",\"target\":{\"@type\":\"EntryPoint\",\"urlTemplate\":\"https:\\\/\\\/xn--brgerstiftung-emscherlippe-land-oid.de\\\/?s={search_term_string}\"},\"query-input\":{\"@type\":\"PropertyValueSpecification\",\"valueRequired\":true,\"valueName\":\"search_term_string\"}}],\"inLanguage\":\"de\"},{\"@type\":\"Organization\",\"@id\":\"https:\\\/\\\/xn--brgerstiftung-emscherlippe-land-oid.de\\\/#organization\",\"name\":\"B\u00fcrgerstiftung Emscherlippe-Land\",\"url\":\"https:\\\/\\\/xn--brgerstiftung-emscherlippe-land-oid.de\\\/\",\"logo\":{\"@type\":\"ImageObject\",\"inLanguage\":\"de\",\"@id\":\"https:\\\/\\\/xn--brgerstiftung-emscherlippe-land-oid.de\\\/#\\\/schema\\\/logo\\\/image\\\/\",\"url\":\"https:\\\/\\\/xn--brgerstiftung-emscherlippe-land-oid.de\\\/wp-content\\\/uploads\\\/2020\\\/07\\\/BSLogoSchriftRechts-scaled.jpg\",\"contentUrl\":\"https:\\\/\\\/xn--brgerstiftung-emscherlippe-land-oid.de\\\/wp-content\\\/uploads\\\/2020\\\/07\\\/BSLogoSchriftRechts-scaled.jpg\",\"width\":2560,\"height\":792,\"caption\":\"B\u00fcrgerstiftung Emscherlippe-Land\"},\"image\":{\"@id\":\"https:\\\/\\\/xn--brgerstiftung-emscherlippe-land-oid.de\\\/#\\\/schema\\\/logo\\\/image\\\/\"},\"sameAs\":[\"https:\\\/\\\/www.facebook.com\\\/BuergerstiftungEmscherlippeLand\"]}]}<\/script>\n<!-- \/ Yoast SEO plugin. -->","yoast_head_json":{"title":"Maria und Heinrich Milk Stiftung - B\u00fcrgerstiftung Emscherlippe-Land %","robots":{"index":"index","follow":"follow","max-snippet":"max-snippet:-1","max-image-preview":"max-image-preview:large","max-video-preview":"max-video-preview:-1"},"canonical":"https:\/\/xn--brgerstiftung-emscherlippe-land-oid.de\/index.php\/partnerstiftungen\/maria-und-heinrich-milk-stiftung\/","og_locale":"de_DE","og_type":"article","og_title":"Maria und Heinrich Milk Stiftung - B\u00fcrgerstiftung Emscherlippe-Land %","og_description":"gegr\u00fcndet am 21.12.2007 IBAN: DE50 4416 0014 0004 4441 00","og_url":"https:\/\/xn--brgerstiftung-emscherlippe-land-oid.de\/index.php\/partnerstiftungen\/maria-und-heinrich-milk-stiftung\/","og_site_name":"B\u00fcrgerstiftung Emscherlippe-Land","article_publisher":"https:\/\/www.facebook.com\/BuergerstiftungEmscherlippeLand","article_modified_time":"2020-11-12T14:16:30+00:00","og_image":[{"width":500,"height":150,"url":"https:\/\/xn--brgerstiftung-emscherlippe-land-oid.de\/wp-content\/uploads\/2020\/07\/MilkStiftung_500x150.gif","type":"image\/gif"}],"twitter_card":"summary_large_image","schema":{"@context":"https:\/\/schema.org","@graph":[{"@type":"WebPage","@id":"https:\/\/xn--brgerstiftung-emscherlippe-land-oid.de\/index.php\/partnerstiftungen\/maria-und-heinrich-milk-stiftung\/","url":"https:\/\/xn--brgerstiftung-emscherlippe-land-oid.de\/index.php\/partnerstiftungen\/maria-und-heinrich-milk-stiftung\/","name":"Maria und Heinrich Milk Stiftung - B\u00fcrgerstiftung Emscherlippe-Land %","isPartOf":{"@id":"https:\/\/xn--brgerstiftung-emscherlippe-land-oid.de\/#website"},"primaryImageOfPage":{"@id":"https:\/\/xn--brgerstiftung-emscherlippe-land-oid.de\/index.php\/partnerstiftungen\/maria-und-heinrich-milk-stiftung\/#primaryimage"},"image":{"@id":"https:\/\/xn--brgerstiftung-emscherlippe-land-oid.de\/index.php\/partnerstiftungen\/maria-und-heinrich-milk-stiftung\/#primaryimage"},"thumbnailUrl":"https:\/\/xn--brgerstiftung-emscherlippe-land-oid.de\/wp-content\/uploads\/2020\/07\/MilkStiftung_500x150.gif","datePublished":"2020-07-16T12:48:35+00:00","dateModified":"2020-11-12T14:16:30+00:00","breadcrumb":{"@id":"https:\/\/xn--brgerstiftung-emscherlippe-land-oid.de\/index.php\/partnerstiftungen\/maria-und-heinrich-milk-stiftung\/#breadcrumb"},"inLanguage":"de","potentialAction":[{"@type":"ReadAction","target":["https:\/\/xn--brgerstiftung-emscherlippe-land-oid.de\/index.php\/partnerstiftungen\/maria-und-heinrich-milk-stiftung\/"]}]},{"@type":"ImageObject","inLanguage":"de","@id":"https:\/\/xn--brgerstiftung-emscherlippe-land-oid.de\/index.php\/partnerstiftungen\/maria-und-heinrich-milk-stiftung\/#primaryimage","url":"https:\/\/xn--brgerstiftung-emscherlippe-land-oid.de\/wp-content\/uploads\/2020\/07\/MilkStiftung_500x150.gif","contentUrl":"https:\/\/xn--brgerstiftung-emscherlippe-land-oid.de\/wp-content\/uploads\/2020\/07\/MilkStiftung_500x150.gif","width":500,"height":150},{"@type":"BreadcrumbList","@id":"https:\/\/xn--brgerstiftung-emscherlippe-land-oid.de\/index.php\/partnerstiftungen\/maria-und-heinrich-milk-stiftung\/#breadcrumb","itemListElement":[{"@type":"ListItem","position":1,"name":"Home","item":"https:\/\/xn--brgerstiftung-emscherlippe-land-oid.de\/"},{"@type":"ListItem","position":2,"name":"Partnerstiftungen","item":"https:\/\/xn--brgerstiftung-emscherlippe-land-oid.de\/index.php\/partnerstiftungen\/"},{"@type":"ListItem","position":3,"name":"Maria und Heinrich Milk Stiftung"}]},{"@type":"WebSite","@id":"https:\/\/xn--brgerstiftung-emscherlippe-land-oid.de\/#website","url":"https:\/\/xn--brgerstiftung-emscherlippe-land-oid.de\/","name":"B\u00fcrgerstiftung Emscherlippe-Land","description":"Eine Gemeinschaft lebt vom Engagement jedes Einzelnen.","publisher":{"@id":"https:\/\/xn--brgerstiftung-emscherlippe-land-oid.de\/#organization"},"potentialAction":[{"@type":"SearchAction","target":{"@type":"EntryPoint","urlTemplate":"https:\/\/xn--brgerstiftung-emscherlippe-land-oid.de\/?s={search_term_string}"},"query-input":{"@type":"PropertyValueSpecification","valueRequired":true,"valueName":"search_term_string"}}],"inLanguage":"de"},{"@type":"Organization","@id":"https:\/\/xn--brgerstiftung-emscherlippe-land-oid.de\/#organization","name":"B\u00fcrgerstiftung Emscherlippe-Land","url":"https:\/\/xn--brgerstiftung-emscherlippe-land-oid.de\/","logo":{"@type":"ImageObject","inLanguage":"de","@id":"https:\/\/xn--brgerstiftung-emscherlippe-land-oid.de\/#\/schema\/logo\/image\/","url":"https:\/\/xn--brgerstiftung-emscherlippe-land-oid.de\/wp-content\/uploads\/2020\/07\/BSLogoSchriftRechts-scaled.jpg","contentUrl":"https:\/\/xn--brgerstiftung-emscherlippe-land-oid.de\/wp-content\/uploads\/2020\/07\/BSLogoSchriftRechts-scaled.jpg","width":2560,"height":792,"caption":"B\u00fcrgerstiftung Emscherlippe-Land"},"image":{"@id":"https:\/\/xn--brgerstiftung-emscherlippe-land-oid.de\/#\/schema\/logo\/image\/"},"sameAs":["https:\/\/www.facebook.com\/BuergerstiftungEmscherlippeLand"]}]}},"_links":{"self":[{"href":"https:\/\/xn--brgerstiftung-emscherlippe-land-oid.de\/index.php\/wp-json\/wp\/v2\/pages\/366","targetHints":{"allow":["GET"]}}],"collection":[{"href":"https:\/\/xn--brgerstiftung-emscherlippe-land-oid.de\/index.php\/wp-json\/wp\/v2\/pages"}],"about":[{"href":"https:\/\/xn--brgerstiftung-emscherlippe-land-oid.de\/index.php\/wp-json\/wp\/v2\/types\/page"}],"author":[{"embeddable":true,"href":"https:\/\/xn--brgerstiftung-emscherlippe-land-oid.de\/index.php\/wp-json\/wp\/v2\/users\/1"}],"replies":[{"embeddable":true,"href":"https:\/\/xn--brgerstiftung-emscherlippe-land-oid.de\/index.php\/wp-json\/wp\/v2\/comments?post=366"}],"version-history":[{"count":3,"href":"https:\/\/xn--brgerstiftung-emscherlippe-land-oid.de\/index.php\/wp-json\/wp\/v2\/pages\/366\/revisions"}],"predecessor-version":[{"id":1242,"href":"https:\/\/xn--brgerstiftung-emscherlippe-land-oid.de\/index.php\/wp-json\/wp\/v2\/pages\/366\/revisions\/1242"}],"up":[{"embeddable":true,"href":"https:\/\/xn--brgerstiftung-emscherlippe-land-oid.de\/index.php\/wp-json\/wp\/v2\/pages\/89"}],"wp:featuredmedia":[{"embeddable":true,"href":"https:\/\/xn--brgerstiftung-emscherlippe-land-oid.de\/index.php\/wp-json\/wp\/v2\/media\/114"}],"wp:attachment":[{"href":"https:\/\/xn--brgerstiftung-emscherlippe-land-oid.de\/index.php\/wp-json\/wp\/v2\/media?parent=366"}],"curies":[{"name":"wp","href":"https:\/\/api.w.org\/{rel}","templated":true}]}}