{"id":1521,"date":"2022-01-19T16:19:38","date_gmt":"2022-01-19T14:19:38","guid":{"rendered":"https:\/\/xn--brgerstiftung-emscherlippe-land-oid.de\/?page_id=1521"},"modified":"2022-01-19T17:41:57","modified_gmt":"2022-01-19T15:41:57","slug":"gundula-dorothee-nieweg-stiftung","status":"publish","type":"page","link":"https:\/\/xn--brgerstiftung-emscherlippe-land-oid.de\/index.php\/partnerstiftungen\/gundula-dorothee-nieweg-stiftung\/","title":{"rendered":"Gundula Dorothee Nieweg-Stiftung"},"content":{"rendered":"\n<p>Gegr\u00fcndet 19.01.2022<br>IBAN DE02441600142000500100<br>Zuwendungsbescheinigungen werden gerne ausgestellt.<\/p>\n\n\n\t\t\t<!-- Cool Timeline PRO V4.9 -->\r\n\t\t\t<div class=\"ctl-wrapper\" role=\"region\" aria-label=\"Timeline\">\r\n\t\t\t\t\t\t\t\t<div id=\"cool_timeline_1\" class=\"cool-timeline-wrapper ctl-both-sided ctl-vertical-wrapper ctl-default\" data-nav=\"show\" data-line-filling=\"false\" data-nav-pos=\"right\" data-nav-style=\"style-1\">\r\n\t\t\t\t\t<div class=\"ctl-start\"><\/div>\r\n\t\t\t\t\t<!-- Timeline Container -->\r\n\t\t\t\t\t<div class=\"ctl-timeline ctl-timeline-container\" data-animation=\"none\" aria-live=\"polite\">\r\n\t\t\t\t\t\t<!-- Center Line -->\r\n\t\t\t\t\t\t<div class=\"ctl-inner-line\" role=\"presentation\"><\/div>\r\n\t\t\t\t\t\t<!-- Story Year Section --><div data-cls=\"sc-nv-light vertical\" class=\"timeline-year scrollable-section ctl-year ctl-year-container light-year\" data-section-title=\"2022\" id=\"year-2022\"><div class=\"ctl-year-label ctl-year-text\"><span>2022<\/span><\/div><\/div><!-- Timeline Content --><div id=\"ctl-story-1519\" class=\"ctl-story ctl-story-dot-icon odd ctl-story-right\" data-story-index=\"1\" role=\"article\"><!-- Story Date --><div class=\"ctl-labels\"><div class=\"ctl-label-big story-date\">Jan. 19<\/div><\/div><!-- Story IconDot --><div class=\"ctl-icondot\"><\/div> <!-- Story Arrow --><div class=\"ctl-arrow\"><\/div>\r\n\t\t\t<!-- Story Content --><div class=\"ctl-content\"><!-- Story Title --> <div class=\"ctl-title story-1519\" role=\"heading\" aria-level=\"2\"><a target=\"_self\" title=\"Gr\u00fcndung der Gundula Dorothee Nieweg-Stiftung: 15. Partnerstiftung der B\u00fcrgerstiftung EmscherLippe-Land engagiert sich f\u00fcr Kinder mit Behinderungen und Obdachlose\" href=\"https:\/\/xn--brgerstiftung-emscherlippe-land-oid.de\/index.php\/timeline\/gruendung-der-gundula-dorothee-nieweg-stiftung\/\" class=\"story-link\">Gr\u00fcndung der Gundula Dorothee Nieweg-Stiftung: 15. Partnerstiftung der B\u00fcrgerstiftung EmscherLippe-Land engagiert sich f\u00fcr Kinder mit Behinderungen und Obdachlose<\/a><\/div><!-- Story Media --><div class=\"ctl-media full\"><a data-glightbox=\"Gr\u00fcndung der Gundula Dorothee Nieweg-Stiftung: 15. Partnerstiftung der B\u00fcrgerstiftung EmscherLippe-Land engagiert sich f\u00fcr Kinder mit Behinderungen und Obdachlose\" href=\"https:\/\/xn--brgerstiftung-emscherlippe-land-oid.de\/wp-content\/uploads\/2022\/01\/Nieweg-Stiftung-scaled.jpg\" class=\"ctl_glightbox\"><img loading=\"lazy\" decoding=\"async\" width=\"525\" height=\"394\" src=\"https:\/\/xn--brgerstiftung-emscherlippe-land-oid.de\/wp-content\/uploads\/2022\/01\/Nieweg-Stiftung-1024x768.jpg\" class=\"story-img wp-post-image\" alt=\"Gr\u00fcndung der Gundula Dorothee Nieweg-Stiftung: 15. Partnerstiftung der B\u00fcrgerstiftung EmscherLippe-Land engagiert sich f\u00fcr Kinder mit Behinderungen und Obdachlose\" srcset=\"https:\/\/xn--brgerstiftung-emscherlippe-land-oid.de\/wp-content\/uploads\/2022\/01\/Nieweg-Stiftung-1024x768.jpg 1024w, https:\/\/xn--brgerstiftung-emscherlippe-land-oid.de\/wp-content\/uploads\/2022\/01\/Nieweg-Stiftung-300x225.jpg 300w, https:\/\/xn--brgerstiftung-emscherlippe-land-oid.de\/wp-content\/uploads\/2022\/01\/Nieweg-Stiftung-768x576.jpg 768w, https:\/\/xn--brgerstiftung-emscherlippe-land-oid.de\/wp-content\/uploads\/2022\/01\/Nieweg-Stiftung-1536x1152.jpg 1536w, https:\/\/xn--brgerstiftung-emscherlippe-land-oid.de\/wp-content\/uploads\/2022\/01\/Nieweg-Stiftung-2048x1536.jpg 2048w\" sizes=\"auto, 100vw\" \/><\/a><\/div><!-- Story Description --><div class=\"ctl-description\"><p>Mit der Gundula Dorothee Nieweg-Stiftung wurde jetzt die 15. Partnerstiftung unter dem Dach der B\u00fcrgerstiftung EmscherLippe-Land gegr\u00fcndet. Die Stiftung hat sich die F\u00f6rderung von Kindern und Jugendlichen mit Behinderungen sowie von Obdachlosen im Bereich Dortmund und der Emscher-Lippe-Region zum Ziel gesetzt. Durch Horst Dieter Szewczyk, der vor vielen Jahren selbst&hellip;<br \/><a class=\"read_more ctl_read_more\" target=\"_self\" href=\"https:\/\/xn--brgerstiftung-emscherlippe-land-oid.de\/index.php\/timeline\/gruendung-der-gundula-dorothee-nieweg-stiftung\/\" role=\"link\">Mehr lesen<\/a><\/p>\n<\/div><\/div><\/div>\t\t\t\t\t<\/div>\r\n\t\t\t\t\t<div class=\"ctl-end\"><\/div>\r\n\t\t\t\t\t\t\t\t\t<\/div>\r\n\t\t\t<\/div>\r\n\t\t\t","protected":false},"excerpt":{"rendered":"<p>Gegr\u00fcndet 19.01.2022IBAN DE02441600142000500100Zuwendungsbescheinigungen werden gerne ausgestellt.<\/p>\n","protected":false},"author":1,"featured_media":1526,"parent":89,"menu_order":0,"comment_status":"closed","ping_status":"closed","template":"","meta":{"footnotes":""},"class_list":["post-1521","page","type-page","status-publish","has-post-thumbnail","hentry"],"yoast_head":"<!-- This site is optimized with the Yoast SEO plugin v27.5 - https:\/\/yoast.com\/product\/yoast-seo-wordpress\/ -->\n<title>Gundula Dorothee Nieweg-Stiftung - B\u00fcrgerstiftung Emscherlippe-Land %<\/title>\n<meta name=\"robots\" content=\"index, follow, max-snippet:-1, max-image-preview:large, max-video-preview:-1\" \/>\n<link rel=\"canonical\" href=\"https:\/\/xn--brgerstiftung-emscherlippe-land-oid.de\/index.php\/partnerstiftungen\/gundula-dorothee-nieweg-stiftung\/\" \/>\n<meta property=\"og:locale\" content=\"de_DE\" \/>\n<meta property=\"og:type\" content=\"article\" \/>\n<meta property=\"og:title\" content=\"Gundula Dorothee Nieweg-Stiftung - B\u00fcrgerstiftung Emscherlippe-Land %\" \/>\n<meta property=\"og:description\" content=\"Gegr\u00fcndet 19.01.2022IBAN DE02441600142000500100Zuwendungsbescheinigungen werden gerne ausgestellt.\" \/>\n<meta property=\"og:url\" content=\"https:\/\/xn--brgerstiftung-emscherlippe-land-oid.de\/index.php\/partnerstiftungen\/gundula-dorothee-nieweg-stiftung\/\" \/>\n<meta property=\"og:site_name\" content=\"B\u00fcrgerstiftung Emscherlippe-Land\" \/>\n<meta property=\"article:publisher\" content=\"https:\/\/www.facebook.com\/BuergerstiftungEmscherlippeLand\" \/>\n<meta property=\"article:modified_time\" content=\"2022-01-19T15:41:57+00:00\" \/>\n<meta property=\"og:image\" content=\"https:\/\/xn--brgerstiftung-emscherlippe-land-oid.de\/wp-content\/uploads\/2022\/01\/Nieweg-Stiftung-500-x-150.jpg\" \/>\n\t<meta property=\"og:image:width\" content=\"500\" \/>\n\t<meta property=\"og:image:height\" content=\"150\" \/>\n\t<meta property=\"og:image:type\" content=\"image\/jpeg\" \/>\n<meta name=\"twitter:card\" content=\"summary_large_image\" \/>\n<meta name=\"twitter:label1\" content=\"Gesch\u00e4tzte Lesezeit\" \/>\n\t<meta name=\"twitter:data1\" content=\"1\u00a0Minute\" \/>\n<script type=\"application\/ld+json\" class=\"yoast-schema-graph\">{\"@context\":\"https:\\\/\\\/schema.org\",\"@graph\":[{\"@type\":\"WebPage\",\"@id\":\"https:\\\/\\\/xn--brgerstiftung-emscherlippe-land-oid.de\\\/index.php\\\/partnerstiftungen\\\/gundula-dorothee-nieweg-stiftung\\\/\",\"url\":\"https:\\\/\\\/xn--brgerstiftung-emscherlippe-land-oid.de\\\/index.php\\\/partnerstiftungen\\\/gundula-dorothee-nieweg-stiftung\\\/\",\"name\":\"Gundula Dorothee Nieweg-Stiftung - B\u00fcrgerstiftung Emscherlippe-Land %\",\"isPartOf\":{\"@id\":\"https:\\\/\\\/xn--brgerstiftung-emscherlippe-land-oid.de\\\/#website\"},\"primaryImageOfPage\":{\"@id\":\"https:\\\/\\\/xn--brgerstiftung-emscherlippe-land-oid.de\\\/index.php\\\/partnerstiftungen\\\/gundula-dorothee-nieweg-stiftung\\\/#primaryimage\"},\"image\":{\"@id\":\"https:\\\/\\\/xn--brgerstiftung-emscherlippe-land-oid.de\\\/index.php\\\/partnerstiftungen\\\/gundula-dorothee-nieweg-stiftung\\\/#primaryimage\"},\"thumbnailUrl\":\"https:\\\/\\\/xn--brgerstiftung-emscherlippe-land-oid.de\\\/wp-content\\\/uploads\\\/2022\\\/01\\\/Nieweg-Stiftung-500-x-150.jpg\",\"datePublished\":\"2022-01-19T14:19:38+00:00\",\"dateModified\":\"2022-01-19T15:41:57+00:00\",\"breadcrumb\":{\"@id\":\"https:\\\/\\\/xn--brgerstiftung-emscherlippe-land-oid.de\\\/index.php\\\/partnerstiftungen\\\/gundula-dorothee-nieweg-stiftung\\\/#breadcrumb\"},\"inLanguage\":\"de\",\"potentialAction\":[{\"@type\":\"ReadAction\",\"target\":[\"https:\\\/\\\/xn--brgerstiftung-emscherlippe-land-oid.de\\\/index.php\\\/partnerstiftungen\\\/gundula-dorothee-nieweg-stiftung\\\/\"]}]},{\"@type\":\"ImageObject\",\"inLanguage\":\"de\",\"@id\":\"https:\\\/\\\/xn--brgerstiftung-emscherlippe-land-oid.de\\\/index.php\\\/partnerstiftungen\\\/gundula-dorothee-nieweg-stiftung\\\/#primaryimage\",\"url\":\"https:\\\/\\\/xn--brgerstiftung-emscherlippe-land-oid.de\\\/wp-content\\\/uploads\\\/2022\\\/01\\\/Nieweg-Stiftung-500-x-150.jpg\",\"contentUrl\":\"https:\\\/\\\/xn--brgerstiftung-emscherlippe-land-oid.de\\\/wp-content\\\/uploads\\\/2022\\\/01\\\/Nieweg-Stiftung-500-x-150.jpg\",\"width\":500,\"height\":150},{\"@type\":\"BreadcrumbList\",\"@id\":\"https:\\\/\\\/xn--brgerstiftung-emscherlippe-land-oid.de\\\/index.php\\\/partnerstiftungen\\\/gundula-dorothee-nieweg-stiftung\\\/#breadcrumb\",\"itemListElement\":[{\"@type\":\"ListItem\",\"position\":1,\"name\":\"Home\",\"item\":\"https:\\\/\\\/xn--brgerstiftung-emscherlippe-land-oid.de\\\/\"},{\"@type\":\"ListItem\",\"position\":2,\"name\":\"Partnerstiftungen\",\"item\":\"https:\\\/\\\/xn--brgerstiftung-emscherlippe-land-oid.de\\\/index.php\\\/partnerstiftungen\\\/\"},{\"@type\":\"ListItem\",\"position\":3,\"name\":\"Gundula Dorothee Nieweg-Stiftung\"}]},{\"@type\":\"WebSite\",\"@id\":\"https:\\\/\\\/xn--brgerstiftung-emscherlippe-land-oid.de\\\/#website\",\"url\":\"https:\\\/\\\/xn--brgerstiftung-emscherlippe-land-oid.de\\\/\",\"name\":\"B\u00fcrgerstiftung Emscherlippe-Land\",\"description\":\"Eine Gemeinschaft lebt vom Engagement jedes Einzelnen.\",\"publisher\":{\"@id\":\"https:\\\/\\\/xn--brgerstiftung-emscherlippe-land-oid.de\\\/#organization\"},\"potentialAction\":[{\"@type\":\"SearchAction\",\"target\":{\"@type\":\"EntryPoint\",\"urlTemplate\":\"https:\\\/\\\/xn--brgerstiftung-emscherlippe-land-oid.de\\\/?s={search_term_string}\"},\"query-input\":{\"@type\":\"PropertyValueSpecification\",\"valueRequired\":true,\"valueName\":\"search_term_string\"}}],\"inLanguage\":\"de\"},{\"@type\":\"Organization\",\"@id\":\"https:\\\/\\\/xn--brgerstiftung-emscherlippe-land-oid.de\\\/#organization\",\"name\":\"B\u00fcrgerstiftung Emscherlippe-Land\",\"url\":\"https:\\\/\\\/xn--brgerstiftung-emscherlippe-land-oid.de\\\/\",\"logo\":{\"@type\":\"ImageObject\",\"inLanguage\":\"de\",\"@id\":\"https:\\\/\\\/xn--brgerstiftung-emscherlippe-land-oid.de\\\/#\\\/schema\\\/logo\\\/image\\\/\",\"url\":\"https:\\\/\\\/xn--brgerstiftung-emscherlippe-land-oid.de\\\/wp-content\\\/uploads\\\/2020\\\/07\\\/BSLogoSchriftRechts-scaled.jpg\",\"contentUrl\":\"https:\\\/\\\/xn--brgerstiftung-emscherlippe-land-oid.de\\\/wp-content\\\/uploads\\\/2020\\\/07\\\/BSLogoSchriftRechts-scaled.jpg\",\"width\":2560,\"height\":792,\"caption\":\"B\u00fcrgerstiftung Emscherlippe-Land\"},\"image\":{\"@id\":\"https:\\\/\\\/xn--brgerstiftung-emscherlippe-land-oid.de\\\/#\\\/schema\\\/logo\\\/image\\\/\"},\"sameAs\":[\"https:\\\/\\\/www.facebook.com\\\/BuergerstiftungEmscherlippeLand\"]}]}<\/script>\n<!-- \/ Yoast SEO plugin. -->","yoast_head_json":{"title":"Gundula Dorothee Nieweg-Stiftung - B\u00fcrgerstiftung Emscherlippe-Land %","robots":{"index":"index","follow":"follow","max-snippet":"max-snippet:-1","max-image-preview":"max-image-preview:large","max-video-preview":"max-video-preview:-1"},"canonical":"https:\/\/xn--brgerstiftung-emscherlippe-land-oid.de\/index.php\/partnerstiftungen\/gundula-dorothee-nieweg-stiftung\/","og_locale":"de_DE","og_type":"article","og_title":"Gundula Dorothee Nieweg-Stiftung - B\u00fcrgerstiftung Emscherlippe-Land %","og_description":"Gegr\u00fcndet 19.01.2022IBAN DE02441600142000500100Zuwendungsbescheinigungen werden gerne ausgestellt.","og_url":"https:\/\/xn--brgerstiftung-emscherlippe-land-oid.de\/index.php\/partnerstiftungen\/gundula-dorothee-nieweg-stiftung\/","og_site_name":"B\u00fcrgerstiftung Emscherlippe-Land","article_publisher":"https:\/\/www.facebook.com\/BuergerstiftungEmscherlippeLand","article_modified_time":"2022-01-19T15:41:57+00:00","og_image":[{"width":500,"height":150,"url":"https:\/\/xn--brgerstiftung-emscherlippe-land-oid.de\/wp-content\/uploads\/2022\/01\/Nieweg-Stiftung-500-x-150.jpg","type":"image\/jpeg"}],"twitter_card":"summary_large_image","twitter_misc":{"Gesch\u00e4tzte Lesezeit":"1\u00a0Minute"},"schema":{"@context":"https:\/\/schema.org","@graph":[{"@type":"WebPage","@id":"https:\/\/xn--brgerstiftung-emscherlippe-land-oid.de\/index.php\/partnerstiftungen\/gundula-dorothee-nieweg-stiftung\/","url":"https:\/\/xn--brgerstiftung-emscherlippe-land-oid.de\/index.php\/partnerstiftungen\/gundula-dorothee-nieweg-stiftung\/","name":"Gundula Dorothee Nieweg-Stiftung - B\u00fcrgerstiftung Emscherlippe-Land %","isPartOf":{"@id":"https:\/\/xn--brgerstiftung-emscherlippe-land-oid.de\/#website"},"primaryImageOfPage":{"@id":"https:\/\/xn--brgerstiftung-emscherlippe-land-oid.de\/index.php\/partnerstiftungen\/gundula-dorothee-nieweg-stiftung\/#primaryimage"},"image":{"@id":"https:\/\/xn--brgerstiftung-emscherlippe-land-oid.de\/index.php\/partnerstiftungen\/gundula-dorothee-nieweg-stiftung\/#primaryimage"},"thumbnailUrl":"https:\/\/xn--brgerstiftung-emscherlippe-land-oid.de\/wp-content\/uploads\/2022\/01\/Nieweg-Stiftung-500-x-150.jpg","datePublished":"2022-01-19T14:19:38+00:00","dateModified":"2022-01-19T15:41:57+00:00","breadcrumb":{"@id":"https:\/\/xn--brgerstiftung-emscherlippe-land-oid.de\/index.php\/partnerstiftungen\/gundula-dorothee-nieweg-stiftung\/#breadcrumb"},"inLanguage":"de","potentialAction":[{"@type":"ReadAction","target":["https:\/\/xn--brgerstiftung-emscherlippe-land-oid.de\/index.php\/partnerstiftungen\/gundula-dorothee-nieweg-stiftung\/"]}]},{"@type":"ImageObject","inLanguage":"de","@id":"https:\/\/xn--brgerstiftung-emscherlippe-land-oid.de\/index.php\/partnerstiftungen\/gundula-dorothee-nieweg-stiftung\/#primaryimage","url":"https:\/\/xn--brgerstiftung-emscherlippe-land-oid.de\/wp-content\/uploads\/2022\/01\/Nieweg-Stiftung-500-x-150.jpg","contentUrl":"https:\/\/xn--brgerstiftung-emscherlippe-land-oid.de\/wp-content\/uploads\/2022\/01\/Nieweg-Stiftung-500-x-150.jpg","width":500,"height":150},{"@type":"BreadcrumbList","@id":"https:\/\/xn--brgerstiftung-emscherlippe-land-oid.de\/index.php\/partnerstiftungen\/gundula-dorothee-nieweg-stiftung\/#breadcrumb","itemListElement":[{"@type":"ListItem","position":1,"name":"Home","item":"https:\/\/xn--brgerstiftung-emscherlippe-land-oid.de\/"},{"@type":"ListItem","position":2,"name":"Partnerstiftungen","item":"https:\/\/xn--brgerstiftung-emscherlippe-land-oid.de\/index.php\/partnerstiftungen\/"},{"@type":"ListItem","position":3,"name":"Gundula Dorothee Nieweg-Stiftung"}]},{"@type":"WebSite","@id":"https:\/\/xn--brgerstiftung-emscherlippe-land-oid.de\/#website","url":"https:\/\/xn--brgerstiftung-emscherlippe-land-oid.de\/","name":"B\u00fcrgerstiftung Emscherlippe-Land","description":"Eine Gemeinschaft lebt vom Engagement jedes Einzelnen.","publisher":{"@id":"https:\/\/xn--brgerstiftung-emscherlippe-land-oid.de\/#organization"},"potentialAction":[{"@type":"SearchAction","target":{"@type":"EntryPoint","urlTemplate":"https:\/\/xn--brgerstiftung-emscherlippe-land-oid.de\/?s={search_term_string}"},"query-input":{"@type":"PropertyValueSpecification","valueRequired":true,"valueName":"search_term_string"}}],"inLanguage":"de"},{"@type":"Organization","@id":"https:\/\/xn--brgerstiftung-emscherlippe-land-oid.de\/#organization","name":"B\u00fcrgerstiftung Emscherlippe-Land","url":"https:\/\/xn--brgerstiftung-emscherlippe-land-oid.de\/","logo":{"@type":"ImageObject","inLanguage":"de","@id":"https:\/\/xn--brgerstiftung-emscherlippe-land-oid.de\/#\/schema\/logo\/image\/","url":"https:\/\/xn--brgerstiftung-emscherlippe-land-oid.de\/wp-content\/uploads\/2020\/07\/BSLogoSchriftRechts-scaled.jpg","contentUrl":"https:\/\/xn--brgerstiftung-emscherlippe-land-oid.de\/wp-content\/uploads\/2020\/07\/BSLogoSchriftRechts-scaled.jpg","width":2560,"height":792,"caption":"B\u00fcrgerstiftung Emscherlippe-Land"},"image":{"@id":"https:\/\/xn--brgerstiftung-emscherlippe-land-oid.de\/#\/schema\/logo\/image\/"},"sameAs":["https:\/\/www.facebook.com\/BuergerstiftungEmscherlippeLand"]}]}},"_links":{"self":[{"href":"https:\/\/xn--brgerstiftung-emscherlippe-land-oid.de\/index.php\/wp-json\/wp\/v2\/pages\/1521","targetHints":{"allow":["GET"]}}],"collection":[{"href":"https:\/\/xn--brgerstiftung-emscherlippe-land-oid.de\/index.php\/wp-json\/wp\/v2\/pages"}],"about":[{"href":"https:\/\/xn--brgerstiftung-emscherlippe-land-oid.de\/index.php\/wp-json\/wp\/v2\/types\/page"}],"author":[{"embeddable":true,"href":"https:\/\/xn--brgerstiftung-emscherlippe-land-oid.de\/index.php\/wp-json\/wp\/v2\/users\/1"}],"replies":[{"embeddable":true,"href":"https:\/\/xn--brgerstiftung-emscherlippe-land-oid.de\/index.php\/wp-json\/wp\/v2\/comments?post=1521"}],"version-history":[{"count":2,"href":"https:\/\/xn--brgerstiftung-emscherlippe-land-oid.de\/index.php\/wp-json\/wp\/v2\/pages\/1521\/revisions"}],"predecessor-version":[{"id":1523,"href":"https:\/\/xn--brgerstiftung-emscherlippe-land-oid.de\/index.php\/wp-json\/wp\/v2\/pages\/1521\/revisions\/1523"}],"up":[{"embeddable":true,"href":"https:\/\/xn--brgerstiftung-emscherlippe-land-oid.de\/index.php\/wp-json\/wp\/v2\/pages\/89"}],"wp:featuredmedia":[{"embeddable":true,"href":"https:\/\/xn--brgerstiftung-emscherlippe-land-oid.de\/index.php\/wp-json\/wp\/v2\/media\/1526"}],"wp:attachment":[{"href":"https:\/\/xn--brgerstiftung-emscherlippe-land-oid.de\/index.php\/wp-json\/wp\/v2\/media?parent=1521"}],"curies":[{"name":"wp","href":"https:\/\/api.w.org\/{rel}","templated":true}]}}