{"id":1097,"date":"2020-07-31T16:20:42","date_gmt":"2020-07-31T14:20:42","guid":{"rendered":"https:\/\/xn--brgerstiftung-emscherlippe-land-oid.de\/?page_id=1097"},"modified":"2020-07-31T16:53:37","modified_gmt":"2020-07-31T14:53:37","slug":"buergervision-songcontest","status":"publish","type":"page","link":"https:\/\/xn--brgerstiftung-emscherlippe-land-oid.de\/index.php\/aktuelle-projekte\/buergervision-songcontest\/","title":{"rendered":"B\u00fcrgervision-Songcontest"},"content":{"rendered":"\n<figure class=\"wp-block-image size-large is-style-default\"><img loading=\"lazy\" decoding=\"async\" width=\"1024\" height=\"592\" src=\"https:\/\/xn--brgerstiftung-emscherlippe-land-oid.de\/wp-content\/uploads\/2020\/07\/20190629_Praemierung-1024x592.jpg\" alt=\"\" class=\"wp-image-771\" srcset=\"https:\/\/xn--brgerstiftung-emscherlippe-land-oid.de\/wp-content\/uploads\/2020\/07\/20190629_Praemierung-1024x592.jpg 1024w, https:\/\/xn--brgerstiftung-emscherlippe-land-oid.de\/wp-content\/uploads\/2020\/07\/20190629_Praemierung-300x173.jpg 300w, https:\/\/xn--brgerstiftung-emscherlippe-land-oid.de\/wp-content\/uploads\/2020\/07\/20190629_Praemierung-768x444.jpg 768w, https:\/\/xn--brgerstiftung-emscherlippe-land-oid.de\/wp-content\/uploads\/2020\/07\/20190629_Praemierung.jpg 1280w\" sizes=\"auto, (max-width: 706px) 89vw, (max-width: 767px) 82vw, 740px\" \/><\/figure>\n\n\n\n<p>\u201eEs war eine grandiose Veranstaltung, bei der alles dabei war. Songs, die Spa\u00df machen und den Zusammenhalt st\u00e4rken, aber ebenso Lieder, die zum Nachdenken anregen und bei den Zuh\u00f6rern eine G\u00e4nsehaut hervorrufen.\u201c, fasste Ludger Suttmeyer, Vorstandsmitglied der B\u00fcrgerstiftung EmscherLippe-Land nach dem Songcontest in der Stadthalle Datteln zusammen. 11 Schulen mit 14 Beitr\u00e4gen aus den St\u00e4dten Castrop-Rauxel, Datteln, L\u00fcnen, Oer-Erkenschwick und Waltrop hatten sich an dem Schulwettbewerb 2018 der B\u00fcrgerstiftung beteiligt. Von Grundsch\u00fclern bis zu Oberstufensch\u00fclern nahmen alle Altersgruppen teil.<\/p>\n\n\n\n<p>Bei dieser musikalischen Premiere ging es im ersten Schritt darum, dass sich die Sch\u00fclerinnen und Sch\u00fcler kritisch mit einem selbstgew\u00e4hlten Thema auseinandersetzen und einen Songtext dar\u00fcber schreiben. Die Teilnehmer bewiesen dabei eine bemerkenswerte Kreativit\u00e4t.<\/p>\n\n\n\n<p>Im zweiten Schritt dann konnten die Kinder und Jugendlichen ihren Song vor der Jury und insgesamt 500 Anwesenden pr\u00e4sentieren- entweder mit einer eigenen Melodie oder mit einer passend zum Text komponierten Melodie von Kuratoriumsmitglied Christian Lamprecht, der auch die Idee f\u00fcr den B\u00fcrgervision-Songcontest hatte.<\/p>\n\n\n\n<p>F\u00fcr die meisten war es sicher der erste Auftritt vor solch gro\u00dfem Publikum. Doch die Nervosit\u00e4t lie\u00df schnell nach und man konnte den Sch\u00fclerinnen und Sch\u00fclern den Spa\u00df an der Darbietung ansehen. Bestimmt ein Moment, den sie so schnell nicht vergessen werden.<\/p>\n\n\n\n<p>Durch das Programm f\u00fchrte die Journalistin und Moderatorin Mareike Graepel, die eindrucksvoll den jeweiligen Hintergrund zum Songthema schilderte und auch w\u00e4hrend der Auf- und Abbauzeiten f\u00fcr kurzweilige Unterhaltung sorgte.<\/p>\n\n\n\n<p>Nachdem alle 14 Darbietungen gezeigt waren, zog sich die Jury bestehend aus Ludger Suttmeyer, Gabriele Gonstalla, Peter Hof zum Berge, Nadine Str\u00e4terhoff, Sigrid Szlafka und Angelika Westhoff-Haschke zur Beratung zur\u00fcck, um die Sieger des B\u00fcrgervision-Songcontest zu ermitteln. Dabei waren sich alle schnell einig, dass jeder Beitrag den Sieg verdient h\u00e4tte und daher keine Schule mit leeren H\u00e4nden nach Hause gehen soll.<\/p>\n\n\n\n<p>Und so erhielten die 9 nicht platzieren Schulen ein Anerkennungspreisgeld in H\u00f6he von je 500 Euro, bevor es zu der Pr\u00e4mierung der 5 Siegerschulen kam.<\/p>\n\n\n\n<p>Den 5. Platz, verbunden mit einem Preisgeld von 1.000 Euro, erhielten die Sch\u00fclerinnen und Sch\u00fcler der Geschwister-Scholl-Gesamtschule aus L\u00fcnen mit ihrem Song \u201eWe are the same\u201c.<\/p>\n\n\n\n<p>\u201eMut und nicht aufgeben, wenn etwas schief l\u00e4uft\u201c \u2013 darum ging es in dem Lied \u201eButterfly\u201c und die Anwesenden des Berufskollegs Castrop-Rauxel durften sich \u00fcber 1.250 Euro f\u00fcr den 4. Platz freuen.<\/p>\n\n\n\n<p>Mit dem Lied \u201eDas alles sind wir\u201c landeten die Sch\u00fclerinnen und Sch\u00fcler der Lohschule aus Datteln auf dem 3. Platz, der ihnen 1.500 Euro bescherte.<\/p>\n\n\n\n<p>Den 2. Platz erreichte die Hauptschule Hachhausen aus Datteln. Mit 1.750 Euro wurde der Song \u201eSei ein Held\u201c zu dem Thema Zivilcourage belohnt.<\/p>\n\n\n\n<p>Sieger des B\u00fcrgervision-Songcontest und damit auch Gewinner des Preisgeldes in H\u00f6he von 2.000 Euro wurde das Willy-Brandt-Gymnasium aus Oer-Erkenschwick mit dem Song \u201eLet\u2019s light up the dark\u201c. Mit diesem Song starteten die Sch\u00fclerinnen und Sch\u00fcler einen Aufruf gegen Rassismus.<\/p>\n\n\n\n<p>Ralf Jorzik, Thomas St\u00e4chelin und Ludger Suttmeyer, Vorstandsmitglieder der B\u00fcrgerstiftung, beendeten die Veranstaltung mit Worten des Dankes an alle Darsteller und Anwesenden, aber insbesondere auch an die flei\u00dfigen Helfer im Hintergrund: die Musikerinitiative Rock-Zock, die Mannschaft des DLRG Datteln und alle ehrenamtlichen Zeitspender, die diese Veranstaltung \u00fcberhaupt erst m\u00f6glich gemacht haben.<\/p>\n\n\n\n<p>Selbstverst\u00e4ndlich trat anschlie\u00dfend die Siegerschule nochmals auf die B\u00fchne und pr\u00e4sentierte ihren Song unter tosendem Applaus.<\/p>\n\n\n\n<p>Alle Anwesenden waren sich einig: der Songcontest der B\u00fcrgerstiftung EmscherLippe-Land war f\u00fcr die Sch\u00fclerinnen und Sch\u00fcler ein Riesenerfolg!<\/p>\n","protected":false},"excerpt":{"rendered":"<p>\u201eEs war eine grandiose Veranstaltung, bei der alles dabei war. Songs, die Spa\u00df machen und den Zusammenhalt st\u00e4rken, aber ebenso Lieder, die zum Nachdenken anregen und bei den Zuh\u00f6rern eine G\u00e4nsehaut hervorrufen.\u201c, fasste Ludger Suttmeyer, Vorstandsmitglied der B\u00fcrgerstiftung EmscherLippe-Land nach dem Songcontest in der Stadthalle Datteln zusammen. 11 Schulen mit 14 Beitr\u00e4gen aus den St\u00e4dten &hellip; <\/p>\n<p class=\"link-more\"><a href=\"https:\/\/xn--brgerstiftung-emscherlippe-land-oid.de\/index.php\/aktuelle-projekte\/buergervision-songcontest\/\" class=\"more-link\"><span class=\"screen-reader-text\">\u201eB\u00fcrgervision-Songcontest\u201c <\/span>weiterlesen<\/a><\/p>\n","protected":false},"author":1,"featured_media":0,"parent":308,"menu_order":0,"comment_status":"closed","ping_status":"closed","template":"","meta":{"footnotes":""},"class_list":["post-1097","page","type-page","status-publish","hentry"],"yoast_head":"<!-- This site is optimized with the Yoast SEO plugin v27.4 - https:\/\/yoast.com\/product\/yoast-seo-wordpress\/ -->\n<title>B\u00fcrgervision-Songcontest - B\u00fcrgerstiftung Emscherlippe-Land %<\/title>\n<meta name=\"robots\" content=\"index, follow, max-snippet:-1, max-image-preview:large, max-video-preview:-1\" \/>\n<link rel=\"canonical\" href=\"https:\/\/xn--brgerstiftung-emscherlippe-land-oid.de\/index.php\/aktuelle-projekte\/buergervision-songcontest\/\" \/>\n<meta property=\"og:locale\" content=\"de_DE\" \/>\n<meta property=\"og:type\" content=\"article\" \/>\n<meta property=\"og:title\" content=\"B\u00fcrgervision-Songcontest - B\u00fcrgerstiftung Emscherlippe-Land %\" \/>\n<meta property=\"og:description\" content=\"\u201eEs war eine grandiose Veranstaltung, bei der alles dabei war. Songs, die Spa\u00df machen und den Zusammenhalt st\u00e4rken, aber ebenso Lieder, die zum Nachdenken anregen und bei den Zuh\u00f6rern eine G\u00e4nsehaut hervorrufen.\u201c, fasste Ludger Suttmeyer, Vorstandsmitglied der B\u00fcrgerstiftung EmscherLippe-Land nach dem Songcontest in der Stadthalle Datteln zusammen. 11 Schulen mit 14 Beitr\u00e4gen aus den St\u00e4dten &hellip; \u201eB\u00fcrgervision-Songcontest\u201c weiterlesen\" \/>\n<meta property=\"og:url\" content=\"https:\/\/xn--brgerstiftung-emscherlippe-land-oid.de\/index.php\/aktuelle-projekte\/buergervision-songcontest\/\" \/>\n<meta property=\"og:site_name\" content=\"B\u00fcrgerstiftung Emscherlippe-Land\" \/>\n<meta property=\"article:publisher\" content=\"https:\/\/www.facebook.com\/BuergerstiftungEmscherlippeLand\" \/>\n<meta property=\"article:modified_time\" content=\"2020-07-31T14:53:37+00:00\" \/>\n<meta property=\"og:image\" content=\"https:\/\/xn--brgerstiftung-emscherlippe-land-oid.de\/wp-content\/uploads\/2020\/07\/20190629_Praemierung-1024x592.jpg\" \/>\n<meta name=\"twitter:card\" content=\"summary_large_image\" \/>\n<meta name=\"twitter:label1\" content=\"Gesch\u00e4tzte Lesezeit\" \/>\n\t<meta name=\"twitter:data1\" content=\"3\u00a0Minuten\" \/>\n<script type=\"application\/ld+json\" class=\"yoast-schema-graph\">{\"@context\":\"https:\\\/\\\/schema.org\",\"@graph\":[{\"@type\":\"WebPage\",\"@id\":\"https:\\\/\\\/xn--brgerstiftung-emscherlippe-land-oid.de\\\/index.php\\\/aktuelle-projekte\\\/buergervision-songcontest\\\/\",\"url\":\"https:\\\/\\\/xn--brgerstiftung-emscherlippe-land-oid.de\\\/index.php\\\/aktuelle-projekte\\\/buergervision-songcontest\\\/\",\"name\":\"B\u00fcrgervision-Songcontest - B\u00fcrgerstiftung Emscherlippe-Land %\",\"isPartOf\":{\"@id\":\"https:\\\/\\\/xn--brgerstiftung-emscherlippe-land-oid.de\\\/#website\"},\"primaryImageOfPage\":{\"@id\":\"https:\\\/\\\/xn--brgerstiftung-emscherlippe-land-oid.de\\\/index.php\\\/aktuelle-projekte\\\/buergervision-songcontest\\\/#primaryimage\"},\"image\":{\"@id\":\"https:\\\/\\\/xn--brgerstiftung-emscherlippe-land-oid.de\\\/index.php\\\/aktuelle-projekte\\\/buergervision-songcontest\\\/#primaryimage\"},\"thumbnailUrl\":\"https:\\\/\\\/xn--brgerstiftung-emscherlippe-land-oid.de\\\/wp-content\\\/uploads\\\/2020\\\/07\\\/20190629_Praemierung-1024x592.jpg\",\"datePublished\":\"2020-07-31T14:20:42+00:00\",\"dateModified\":\"2020-07-31T14:53:37+00:00\",\"breadcrumb\":{\"@id\":\"https:\\\/\\\/xn--brgerstiftung-emscherlippe-land-oid.de\\\/index.php\\\/aktuelle-projekte\\\/buergervision-songcontest\\\/#breadcrumb\"},\"inLanguage\":\"de\",\"potentialAction\":[{\"@type\":\"ReadAction\",\"target\":[\"https:\\\/\\\/xn--brgerstiftung-emscherlippe-land-oid.de\\\/index.php\\\/aktuelle-projekte\\\/buergervision-songcontest\\\/\"]}]},{\"@type\":\"ImageObject\",\"inLanguage\":\"de\",\"@id\":\"https:\\\/\\\/xn--brgerstiftung-emscherlippe-land-oid.de\\\/index.php\\\/aktuelle-projekte\\\/buergervision-songcontest\\\/#primaryimage\",\"url\":\"https:\\\/\\\/xn--brgerstiftung-emscherlippe-land-oid.de\\\/wp-content\\\/uploads\\\/2020\\\/07\\\/20190629_Praemierung.jpg\",\"contentUrl\":\"https:\\\/\\\/xn--brgerstiftung-emscherlippe-land-oid.de\\\/wp-content\\\/uploads\\\/2020\\\/07\\\/20190629_Praemierung.jpg\",\"width\":1280,\"height\":740},{\"@type\":\"BreadcrumbList\",\"@id\":\"https:\\\/\\\/xn--brgerstiftung-emscherlippe-land-oid.de\\\/index.php\\\/aktuelle-projekte\\\/buergervision-songcontest\\\/#breadcrumb\",\"itemListElement\":[{\"@type\":\"ListItem\",\"position\":1,\"name\":\"Home\",\"item\":\"https:\\\/\\\/xn--brgerstiftung-emscherlippe-land-oid.de\\\/\"},{\"@type\":\"ListItem\",\"position\":2,\"name\":\"Projekte\",\"item\":\"https:\\\/\\\/xn--brgerstiftung-emscherlippe-land-oid.de\\\/index.php\\\/aktuelle-projekte\\\/\"},{\"@type\":\"ListItem\",\"position\":3,\"name\":\"B\u00fcrgervision-Songcontest\"}]},{\"@type\":\"WebSite\",\"@id\":\"https:\\\/\\\/xn--brgerstiftung-emscherlippe-land-oid.de\\\/#website\",\"url\":\"https:\\\/\\\/xn--brgerstiftung-emscherlippe-land-oid.de\\\/\",\"name\":\"B\u00fcrgerstiftung Emscherlippe-Land\",\"description\":\"Eine Gemeinschaft lebt vom Engagement jedes Einzelnen.\",\"publisher\":{\"@id\":\"https:\\\/\\\/xn--brgerstiftung-emscherlippe-land-oid.de\\\/#organization\"},\"potentialAction\":[{\"@type\":\"SearchAction\",\"target\":{\"@type\":\"EntryPoint\",\"urlTemplate\":\"https:\\\/\\\/xn--brgerstiftung-emscherlippe-land-oid.de\\\/?s={search_term_string}\"},\"query-input\":{\"@type\":\"PropertyValueSpecification\",\"valueRequired\":true,\"valueName\":\"search_term_string\"}}],\"inLanguage\":\"de\"},{\"@type\":\"Organization\",\"@id\":\"https:\\\/\\\/xn--brgerstiftung-emscherlippe-land-oid.de\\\/#organization\",\"name\":\"B\u00fcrgerstiftung Emscherlippe-Land\",\"url\":\"https:\\\/\\\/xn--brgerstiftung-emscherlippe-land-oid.de\\\/\",\"logo\":{\"@type\":\"ImageObject\",\"inLanguage\":\"de\",\"@id\":\"https:\\\/\\\/xn--brgerstiftung-emscherlippe-land-oid.de\\\/#\\\/schema\\\/logo\\\/image\\\/\",\"url\":\"https:\\\/\\\/xn--brgerstiftung-emscherlippe-land-oid.de\\\/wp-content\\\/uploads\\\/2020\\\/07\\\/BSLogoSchriftRechts-scaled.jpg\",\"contentUrl\":\"https:\\\/\\\/xn--brgerstiftung-emscherlippe-land-oid.de\\\/wp-content\\\/uploads\\\/2020\\\/07\\\/BSLogoSchriftRechts-scaled.jpg\",\"width\":2560,\"height\":792,\"caption\":\"B\u00fcrgerstiftung Emscherlippe-Land\"},\"image\":{\"@id\":\"https:\\\/\\\/xn--brgerstiftung-emscherlippe-land-oid.de\\\/#\\\/schema\\\/logo\\\/image\\\/\"},\"sameAs\":[\"https:\\\/\\\/www.facebook.com\\\/BuergerstiftungEmscherlippeLand\"]}]}<\/script>\n<!-- \/ Yoast SEO plugin. -->","yoast_head_json":{"title":"B\u00fcrgervision-Songcontest - B\u00fcrgerstiftung Emscherlippe-Land %","robots":{"index":"index","follow":"follow","max-snippet":"max-snippet:-1","max-image-preview":"max-image-preview:large","max-video-preview":"max-video-preview:-1"},"canonical":"https:\/\/xn--brgerstiftung-emscherlippe-land-oid.de\/index.php\/aktuelle-projekte\/buergervision-songcontest\/","og_locale":"de_DE","og_type":"article","og_title":"B\u00fcrgervision-Songcontest - B\u00fcrgerstiftung Emscherlippe-Land %","og_description":"\u201eEs war eine grandiose Veranstaltung, bei der alles dabei war. Songs, die Spa\u00df machen und den Zusammenhalt st\u00e4rken, aber ebenso Lieder, die zum Nachdenken anregen und bei den Zuh\u00f6rern eine G\u00e4nsehaut hervorrufen.\u201c, fasste Ludger Suttmeyer, Vorstandsmitglied der B\u00fcrgerstiftung EmscherLippe-Land nach dem Songcontest in der Stadthalle Datteln zusammen. 11 Schulen mit 14 Beitr\u00e4gen aus den St\u00e4dten &hellip; \u201eB\u00fcrgervision-Songcontest\u201c weiterlesen","og_url":"https:\/\/xn--brgerstiftung-emscherlippe-land-oid.de\/index.php\/aktuelle-projekte\/buergervision-songcontest\/","og_site_name":"B\u00fcrgerstiftung Emscherlippe-Land","article_publisher":"https:\/\/www.facebook.com\/BuergerstiftungEmscherlippeLand","article_modified_time":"2020-07-31T14:53:37+00:00","og_image":[{"url":"https:\/\/xn--brgerstiftung-emscherlippe-land-oid.de\/wp-content\/uploads\/2020\/07\/20190629_Praemierung-1024x592.jpg","type":"","width":"","height":""}],"twitter_card":"summary_large_image","twitter_misc":{"Gesch\u00e4tzte Lesezeit":"3\u00a0Minuten"},"schema":{"@context":"https:\/\/schema.org","@graph":[{"@type":"WebPage","@id":"https:\/\/xn--brgerstiftung-emscherlippe-land-oid.de\/index.php\/aktuelle-projekte\/buergervision-songcontest\/","url":"https:\/\/xn--brgerstiftung-emscherlippe-land-oid.de\/index.php\/aktuelle-projekte\/buergervision-songcontest\/","name":"B\u00fcrgervision-Songcontest - B\u00fcrgerstiftung Emscherlippe-Land %","isPartOf":{"@id":"https:\/\/xn--brgerstiftung-emscherlippe-land-oid.de\/#website"},"primaryImageOfPage":{"@id":"https:\/\/xn--brgerstiftung-emscherlippe-land-oid.de\/index.php\/aktuelle-projekte\/buergervision-songcontest\/#primaryimage"},"image":{"@id":"https:\/\/xn--brgerstiftung-emscherlippe-land-oid.de\/index.php\/aktuelle-projekte\/buergervision-songcontest\/#primaryimage"},"thumbnailUrl":"https:\/\/xn--brgerstiftung-emscherlippe-land-oid.de\/wp-content\/uploads\/2020\/07\/20190629_Praemierung-1024x592.jpg","datePublished":"2020-07-31T14:20:42+00:00","dateModified":"2020-07-31T14:53:37+00:00","breadcrumb":{"@id":"https:\/\/xn--brgerstiftung-emscherlippe-land-oid.de\/index.php\/aktuelle-projekte\/buergervision-songcontest\/#breadcrumb"},"inLanguage":"de","potentialAction":[{"@type":"ReadAction","target":["https:\/\/xn--brgerstiftung-emscherlippe-land-oid.de\/index.php\/aktuelle-projekte\/buergervision-songcontest\/"]}]},{"@type":"ImageObject","inLanguage":"de","@id":"https:\/\/xn--brgerstiftung-emscherlippe-land-oid.de\/index.php\/aktuelle-projekte\/buergervision-songcontest\/#primaryimage","url":"https:\/\/xn--brgerstiftung-emscherlippe-land-oid.de\/wp-content\/uploads\/2020\/07\/20190629_Praemierung.jpg","contentUrl":"https:\/\/xn--brgerstiftung-emscherlippe-land-oid.de\/wp-content\/uploads\/2020\/07\/20190629_Praemierung.jpg","width":1280,"height":740},{"@type":"BreadcrumbList","@id":"https:\/\/xn--brgerstiftung-emscherlippe-land-oid.de\/index.php\/aktuelle-projekte\/buergervision-songcontest\/#breadcrumb","itemListElement":[{"@type":"ListItem","position":1,"name":"Home","item":"https:\/\/xn--brgerstiftung-emscherlippe-land-oid.de\/"},{"@type":"ListItem","position":2,"name":"Projekte","item":"https:\/\/xn--brgerstiftung-emscherlippe-land-oid.de\/index.php\/aktuelle-projekte\/"},{"@type":"ListItem","position":3,"name":"B\u00fcrgervision-Songcontest"}]},{"@type":"WebSite","@id":"https:\/\/xn--brgerstiftung-emscherlippe-land-oid.de\/#website","url":"https:\/\/xn--brgerstiftung-emscherlippe-land-oid.de\/","name":"B\u00fcrgerstiftung Emscherlippe-Land","description":"Eine Gemeinschaft lebt vom Engagement jedes Einzelnen.","publisher":{"@id":"https:\/\/xn--brgerstiftung-emscherlippe-land-oid.de\/#organization"},"potentialAction":[{"@type":"SearchAction","target":{"@type":"EntryPoint","urlTemplate":"https:\/\/xn--brgerstiftung-emscherlippe-land-oid.de\/?s={search_term_string}"},"query-input":{"@type":"PropertyValueSpecification","valueRequired":true,"valueName":"search_term_string"}}],"inLanguage":"de"},{"@type":"Organization","@id":"https:\/\/xn--brgerstiftung-emscherlippe-land-oid.de\/#organization","name":"B\u00fcrgerstiftung Emscherlippe-Land","url":"https:\/\/xn--brgerstiftung-emscherlippe-land-oid.de\/","logo":{"@type":"ImageObject","inLanguage":"de","@id":"https:\/\/xn--brgerstiftung-emscherlippe-land-oid.de\/#\/schema\/logo\/image\/","url":"https:\/\/xn--brgerstiftung-emscherlippe-land-oid.de\/wp-content\/uploads\/2020\/07\/BSLogoSchriftRechts-scaled.jpg","contentUrl":"https:\/\/xn--brgerstiftung-emscherlippe-land-oid.de\/wp-content\/uploads\/2020\/07\/BSLogoSchriftRechts-scaled.jpg","width":2560,"height":792,"caption":"B\u00fcrgerstiftung Emscherlippe-Land"},"image":{"@id":"https:\/\/xn--brgerstiftung-emscherlippe-land-oid.de\/#\/schema\/logo\/image\/"},"sameAs":["https:\/\/www.facebook.com\/BuergerstiftungEmscherlippeLand"]}]}},"_links":{"self":[{"href":"https:\/\/xn--brgerstiftung-emscherlippe-land-oid.de\/index.php\/wp-json\/wp\/v2\/pages\/1097","targetHints":{"allow":["GET"]}}],"collection":[{"href":"https:\/\/xn--brgerstiftung-emscherlippe-land-oid.de\/index.php\/wp-json\/wp\/v2\/pages"}],"about":[{"href":"https:\/\/xn--brgerstiftung-emscherlippe-land-oid.de\/index.php\/wp-json\/wp\/v2\/types\/page"}],"author":[{"embeddable":true,"href":"https:\/\/xn--brgerstiftung-emscherlippe-land-oid.de\/index.php\/wp-json\/wp\/v2\/users\/1"}],"replies":[{"embeddable":true,"href":"https:\/\/xn--brgerstiftung-emscherlippe-land-oid.de\/index.php\/wp-json\/wp\/v2\/comments?post=1097"}],"version-history":[{"count":2,"href":"https:\/\/xn--brgerstiftung-emscherlippe-land-oid.de\/index.php\/wp-json\/wp\/v2\/pages\/1097\/revisions"}],"predecessor-version":[{"id":1126,"href":"https:\/\/xn--brgerstiftung-emscherlippe-land-oid.de\/index.php\/wp-json\/wp\/v2\/pages\/1097\/revisions\/1126"}],"up":[{"embeddable":true,"href":"https:\/\/xn--brgerstiftung-emscherlippe-land-oid.de\/index.php\/wp-json\/wp\/v2\/pages\/308"}],"wp:attachment":[{"href":"https:\/\/xn--brgerstiftung-emscherlippe-land-oid.de\/index.php\/wp-json\/wp\/v2\/media?parent=1097"}],"curies":[{"name":"wp","href":"https:\/\/api.w.org\/{rel}","templated":true}]}}