{"id":1093,"date":"2020-07-31T16:16:55","date_gmt":"2020-07-31T14:16:55","guid":{"rendered":"https:\/\/xn--brgerstiftung-emscherlippe-land-oid.de\/?page_id=1093"},"modified":"2024-01-29T17:37:11","modified_gmt":"2024-01-29T15:37:11","slug":"schulwettbewerb","status":"publish","type":"page","link":"https:\/\/xn--brgerstiftung-emscherlippe-land-oid.de\/index.php\/aktuelle-projekte\/schulwettbewerb\/","title":{"rendered":"Schulwettbewerb"},"content":{"rendered":"\n<h1 class=\"wp-block-heading\">der B\u00fcrgerstiftung EmscherLippe-Land<\/h1>\n\n\n\n<p>Der Schulwettbewerb der B\u00fcrgerstiftung EmscherLippe-Land ist ein durch die Stiftung eigens aufgelegtes Projekt, das sich an die Schulen unseres Wirkungskreises richtet. Mit dem Schulwettbewerb sollen besondere Leistungen von Schulen honoriert werden und Netzwerke \u00fcber kommunale Grenzen hinweg geschaffen werden, die den Austausch von Erfahrungen und Ideen f\u00f6rdern. Das Preisgeld betr\u00e4gt 10.000,00 \u20ac. In jedem Jahr steht ein anderer Themenschwerpunkt auf der Agenda &#8211; dies waren in den vergangenen Jahren folgende Themen:<br>2006: Fit f\u00fcr Ausbildung<br>2007: Fit f\u00fcr soziales und demokratisches Engagement<br>2008: Miteinander, F\u00fcreinander, Voneinander &#8211; Leben und Lernen in der Grundschule<br>2009: Mit dem Einkommen auskommen &#8211; wirtschaftliche Zusammenh\u00e4nge erkennen und verstehen<br>2010: Mach mit &#8211; Klima und Umwelt sch\u00fctzen!<\/p>\n\n\n\n<p>Die Wettbewerbe 2006, 2007, 2009 und 2010&nbsp;richteten sich an alle weiterf\u00fchrenden Schulen unseres Wirkungskreises, im Jahr 2008 wurden ausschlie\u00dflich Grundschulen zur Teilnahme am Wettbewerb eingeladen.<\/p>\n\n\n\n<p>Die erste Staffel, bestehend aus den oben genannten f\u00fcnf Wettbewerben, wurde im Mai 2011 abgeschlossen. Aufgrund der guten Erfolge wurde in 2013 der Schulwettbewerb mit der 2. Staffel fortgesetzt:<br><br>2013: Fit f\u00fcr Ausbildung<br>2014: Fit f\u00fcr soziales und demokratisches Engagement<br>2015: Miteinander, F\u00fcreinander, Voneinander &#8211; Leben und Lernen in der Grundschule<br>2016: Mit dem Einkommen auskommen &#8211; wirtschaftliche Zusammenh\u00e4nge erkennen und verstehen<br>2017: Mach mit &#8211; Klima und Umwelt sch\u00fctzen!<\/p>\n\n\n\n<p>Die zweite Staffel wurde im Juni 2018 abgeschlossen. <br>Der &#8222;Schulwettbewerb 2018&#8220; ging mit einem komplett neuen Konzept in die 11. Runde:<br>2018: <a href=\"https:\/\/xn--brgerstiftung-emscherlippe-land-oid.de\/index.php\/aktuelle-projekte\/buergervision-songcontest\/\">B\u00fcrgervision-Songcontest <\/a><\/p>\n","protected":false},"excerpt":{"rendered":"<p>der B\u00fcrgerstiftung EmscherLippe-Land Der Schulwettbewerb der B\u00fcrgerstiftung EmscherLippe-Land ist ein durch die Stiftung eigens aufgelegtes Projekt, das sich an die Schulen unseres Wirkungskreises richtet. Mit dem Schulwettbewerb sollen besondere Leistungen von Schulen honoriert werden und Netzwerke \u00fcber kommunale Grenzen hinweg geschaffen werden, die den Austausch von Erfahrungen und Ideen f\u00f6rdern. Das Preisgeld betr\u00e4gt 10.000,00 \u20ac. &hellip; <\/p>\n<p class=\"link-more\"><a href=\"https:\/\/xn--brgerstiftung-emscherlippe-land-oid.de\/index.php\/aktuelle-projekte\/schulwettbewerb\/\" class=\"more-link\"><span class=\"screen-reader-text\">\u201eSchulwettbewerb\u201c <\/span>weiterlesen<\/a><\/p>\n","protected":false},"author":1,"featured_media":0,"parent":308,"menu_order":0,"comment_status":"closed","ping_status":"closed","template":"","meta":{"footnotes":""},"class_list":["post-1093","page","type-page","status-publish","hentry"],"yoast_head":"<!-- This site is optimized with the Yoast SEO plugin v27.3 - https:\/\/yoast.com\/product\/yoast-seo-wordpress\/ -->\n<title>Schulwettbewerb - B\u00fcrgerstiftung Emscherlippe-Land %<\/title>\n<meta name=\"robots\" content=\"index, follow, max-snippet:-1, max-image-preview:large, max-video-preview:-1\" \/>\n<link rel=\"canonical\" href=\"https:\/\/xn--brgerstiftung-emscherlippe-land-oid.de\/index.php\/aktuelle-projekte\/schulwettbewerb\/\" \/>\n<meta property=\"og:locale\" content=\"de_DE\" \/>\n<meta property=\"og:type\" content=\"article\" \/>\n<meta property=\"og:title\" content=\"Schulwettbewerb - B\u00fcrgerstiftung Emscherlippe-Land %\" \/>\n<meta property=\"og:description\" content=\"der B\u00fcrgerstiftung EmscherLippe-Land Der Schulwettbewerb der B\u00fcrgerstiftung EmscherLippe-Land ist ein durch die Stiftung eigens aufgelegtes Projekt, das sich an die Schulen unseres Wirkungskreises richtet. Mit dem Schulwettbewerb sollen besondere Leistungen von Schulen honoriert werden und Netzwerke \u00fcber kommunale Grenzen hinweg geschaffen werden, die den Austausch von Erfahrungen und Ideen f\u00f6rdern. Das Preisgeld betr\u00e4gt 10.000,00 \u20ac. &hellip; \u201eSchulwettbewerb\u201c weiterlesen\" \/>\n<meta property=\"og:url\" content=\"https:\/\/xn--brgerstiftung-emscherlippe-land-oid.de\/index.php\/aktuelle-projekte\/schulwettbewerb\/\" \/>\n<meta property=\"og:site_name\" content=\"B\u00fcrgerstiftung Emscherlippe-Land\" \/>\n<meta property=\"article:publisher\" content=\"https:\/\/www.facebook.com\/BuergerstiftungEmscherlippeLand\" \/>\n<meta property=\"article:modified_time\" content=\"2024-01-29T15:37:11+00:00\" \/>\n<meta name=\"twitter:card\" content=\"summary_large_image\" \/>\n<meta name=\"twitter:label1\" content=\"Gesch\u00e4tzte Lesezeit\" \/>\n\t<meta name=\"twitter:data1\" content=\"2\u00a0Minuten\" \/>\n<script type=\"application\/ld+json\" class=\"yoast-schema-graph\">{\"@context\":\"https:\\\/\\\/schema.org\",\"@graph\":[{\"@type\":\"WebPage\",\"@id\":\"https:\\\/\\\/xn--brgerstiftung-emscherlippe-land-oid.de\\\/index.php\\\/aktuelle-projekte\\\/schulwettbewerb\\\/\",\"url\":\"https:\\\/\\\/xn--brgerstiftung-emscherlippe-land-oid.de\\\/index.php\\\/aktuelle-projekte\\\/schulwettbewerb\\\/\",\"name\":\"Schulwettbewerb - B\u00fcrgerstiftung Emscherlippe-Land %\",\"isPartOf\":{\"@id\":\"https:\\\/\\\/xn--brgerstiftung-emscherlippe-land-oid.de\\\/#website\"},\"datePublished\":\"2020-07-31T14:16:55+00:00\",\"dateModified\":\"2024-01-29T15:37:11+00:00\",\"breadcrumb\":{\"@id\":\"https:\\\/\\\/xn--brgerstiftung-emscherlippe-land-oid.de\\\/index.php\\\/aktuelle-projekte\\\/schulwettbewerb\\\/#breadcrumb\"},\"inLanguage\":\"de\",\"potentialAction\":[{\"@type\":\"ReadAction\",\"target\":[\"https:\\\/\\\/xn--brgerstiftung-emscherlippe-land-oid.de\\\/index.php\\\/aktuelle-projekte\\\/schulwettbewerb\\\/\"]}]},{\"@type\":\"BreadcrumbList\",\"@id\":\"https:\\\/\\\/xn--brgerstiftung-emscherlippe-land-oid.de\\\/index.php\\\/aktuelle-projekte\\\/schulwettbewerb\\\/#breadcrumb\",\"itemListElement\":[{\"@type\":\"ListItem\",\"position\":1,\"name\":\"Home\",\"item\":\"https:\\\/\\\/xn--brgerstiftung-emscherlippe-land-oid.de\\\/\"},{\"@type\":\"ListItem\",\"position\":2,\"name\":\"Projekte\",\"item\":\"https:\\\/\\\/xn--brgerstiftung-emscherlippe-land-oid.de\\\/index.php\\\/aktuelle-projekte\\\/\"},{\"@type\":\"ListItem\",\"position\":3,\"name\":\"Schulwettbewerb\"}]},{\"@type\":\"WebSite\",\"@id\":\"https:\\\/\\\/xn--brgerstiftung-emscherlippe-land-oid.de\\\/#website\",\"url\":\"https:\\\/\\\/xn--brgerstiftung-emscherlippe-land-oid.de\\\/\",\"name\":\"B\u00fcrgerstiftung Emscherlippe-Land\",\"description\":\"Eine Gemeinschaft lebt vom Engagement jedes Einzelnen.\",\"publisher\":{\"@id\":\"https:\\\/\\\/xn--brgerstiftung-emscherlippe-land-oid.de\\\/#organization\"},\"potentialAction\":[{\"@type\":\"SearchAction\",\"target\":{\"@type\":\"EntryPoint\",\"urlTemplate\":\"https:\\\/\\\/xn--brgerstiftung-emscherlippe-land-oid.de\\\/?s={search_term_string}\"},\"query-input\":{\"@type\":\"PropertyValueSpecification\",\"valueRequired\":true,\"valueName\":\"search_term_string\"}}],\"inLanguage\":\"de\"},{\"@type\":\"Organization\",\"@id\":\"https:\\\/\\\/xn--brgerstiftung-emscherlippe-land-oid.de\\\/#organization\",\"name\":\"B\u00fcrgerstiftung Emscherlippe-Land\",\"url\":\"https:\\\/\\\/xn--brgerstiftung-emscherlippe-land-oid.de\\\/\",\"logo\":{\"@type\":\"ImageObject\",\"inLanguage\":\"de\",\"@id\":\"https:\\\/\\\/xn--brgerstiftung-emscherlippe-land-oid.de\\\/#\\\/schema\\\/logo\\\/image\\\/\",\"url\":\"https:\\\/\\\/xn--brgerstiftung-emscherlippe-land-oid.de\\\/wp-content\\\/uploads\\\/2020\\\/07\\\/BSLogoSchriftRechts-scaled.jpg\",\"contentUrl\":\"https:\\\/\\\/xn--brgerstiftung-emscherlippe-land-oid.de\\\/wp-content\\\/uploads\\\/2020\\\/07\\\/BSLogoSchriftRechts-scaled.jpg\",\"width\":2560,\"height\":792,\"caption\":\"B\u00fcrgerstiftung Emscherlippe-Land\"},\"image\":{\"@id\":\"https:\\\/\\\/xn--brgerstiftung-emscherlippe-land-oid.de\\\/#\\\/schema\\\/logo\\\/image\\\/\"},\"sameAs\":[\"https:\\\/\\\/www.facebook.com\\\/BuergerstiftungEmscherlippeLand\"]}]}<\/script>\n<!-- \/ Yoast SEO plugin. -->","yoast_head_json":{"title":"Schulwettbewerb - B\u00fcrgerstiftung Emscherlippe-Land %","robots":{"index":"index","follow":"follow","max-snippet":"max-snippet:-1","max-image-preview":"max-image-preview:large","max-video-preview":"max-video-preview:-1"},"canonical":"https:\/\/xn--brgerstiftung-emscherlippe-land-oid.de\/index.php\/aktuelle-projekte\/schulwettbewerb\/","og_locale":"de_DE","og_type":"article","og_title":"Schulwettbewerb - B\u00fcrgerstiftung Emscherlippe-Land %","og_description":"der B\u00fcrgerstiftung EmscherLippe-Land Der Schulwettbewerb der B\u00fcrgerstiftung EmscherLippe-Land ist ein durch die Stiftung eigens aufgelegtes Projekt, das sich an die Schulen unseres Wirkungskreises richtet. Mit dem Schulwettbewerb sollen besondere Leistungen von Schulen honoriert werden und Netzwerke \u00fcber kommunale Grenzen hinweg geschaffen werden, die den Austausch von Erfahrungen und Ideen f\u00f6rdern. Das Preisgeld betr\u00e4gt 10.000,00 \u20ac. &hellip; \u201eSchulwettbewerb\u201c weiterlesen","og_url":"https:\/\/xn--brgerstiftung-emscherlippe-land-oid.de\/index.php\/aktuelle-projekte\/schulwettbewerb\/","og_site_name":"B\u00fcrgerstiftung Emscherlippe-Land","article_publisher":"https:\/\/www.facebook.com\/BuergerstiftungEmscherlippeLand","article_modified_time":"2024-01-29T15:37:11+00:00","twitter_card":"summary_large_image","twitter_misc":{"Gesch\u00e4tzte Lesezeit":"2\u00a0Minuten"},"schema":{"@context":"https:\/\/schema.org","@graph":[{"@type":"WebPage","@id":"https:\/\/xn--brgerstiftung-emscherlippe-land-oid.de\/index.php\/aktuelle-projekte\/schulwettbewerb\/","url":"https:\/\/xn--brgerstiftung-emscherlippe-land-oid.de\/index.php\/aktuelle-projekte\/schulwettbewerb\/","name":"Schulwettbewerb - B\u00fcrgerstiftung Emscherlippe-Land %","isPartOf":{"@id":"https:\/\/xn--brgerstiftung-emscherlippe-land-oid.de\/#website"},"datePublished":"2020-07-31T14:16:55+00:00","dateModified":"2024-01-29T15:37:11+00:00","breadcrumb":{"@id":"https:\/\/xn--brgerstiftung-emscherlippe-land-oid.de\/index.php\/aktuelle-projekte\/schulwettbewerb\/#breadcrumb"},"inLanguage":"de","potentialAction":[{"@type":"ReadAction","target":["https:\/\/xn--brgerstiftung-emscherlippe-land-oid.de\/index.php\/aktuelle-projekte\/schulwettbewerb\/"]}]},{"@type":"BreadcrumbList","@id":"https:\/\/xn--brgerstiftung-emscherlippe-land-oid.de\/index.php\/aktuelle-projekte\/schulwettbewerb\/#breadcrumb","itemListElement":[{"@type":"ListItem","position":1,"name":"Home","item":"https:\/\/xn--brgerstiftung-emscherlippe-land-oid.de\/"},{"@type":"ListItem","position":2,"name":"Projekte","item":"https:\/\/xn--brgerstiftung-emscherlippe-land-oid.de\/index.php\/aktuelle-projekte\/"},{"@type":"ListItem","position":3,"name":"Schulwettbewerb"}]},{"@type":"WebSite","@id":"https:\/\/xn--brgerstiftung-emscherlippe-land-oid.de\/#website","url":"https:\/\/xn--brgerstiftung-emscherlippe-land-oid.de\/","name":"B\u00fcrgerstiftung Emscherlippe-Land","description":"Eine Gemeinschaft lebt vom Engagement jedes Einzelnen.","publisher":{"@id":"https:\/\/xn--brgerstiftung-emscherlippe-land-oid.de\/#organization"},"potentialAction":[{"@type":"SearchAction","target":{"@type":"EntryPoint","urlTemplate":"https:\/\/xn--brgerstiftung-emscherlippe-land-oid.de\/?s={search_term_string}"},"query-input":{"@type":"PropertyValueSpecification","valueRequired":true,"valueName":"search_term_string"}}],"inLanguage":"de"},{"@type":"Organization","@id":"https:\/\/xn--brgerstiftung-emscherlippe-land-oid.de\/#organization","name":"B\u00fcrgerstiftung Emscherlippe-Land","url":"https:\/\/xn--brgerstiftung-emscherlippe-land-oid.de\/","logo":{"@type":"ImageObject","inLanguage":"de","@id":"https:\/\/xn--brgerstiftung-emscherlippe-land-oid.de\/#\/schema\/logo\/image\/","url":"https:\/\/xn--brgerstiftung-emscherlippe-land-oid.de\/wp-content\/uploads\/2020\/07\/BSLogoSchriftRechts-scaled.jpg","contentUrl":"https:\/\/xn--brgerstiftung-emscherlippe-land-oid.de\/wp-content\/uploads\/2020\/07\/BSLogoSchriftRechts-scaled.jpg","width":2560,"height":792,"caption":"B\u00fcrgerstiftung Emscherlippe-Land"},"image":{"@id":"https:\/\/xn--brgerstiftung-emscherlippe-land-oid.de\/#\/schema\/logo\/image\/"},"sameAs":["https:\/\/www.facebook.com\/BuergerstiftungEmscherlippeLand"]}]}},"_links":{"self":[{"href":"https:\/\/xn--brgerstiftung-emscherlippe-land-oid.de\/index.php\/wp-json\/wp\/v2\/pages\/1093","targetHints":{"allow":["GET"]}}],"collection":[{"href":"https:\/\/xn--brgerstiftung-emscherlippe-land-oid.de\/index.php\/wp-json\/wp\/v2\/pages"}],"about":[{"href":"https:\/\/xn--brgerstiftung-emscherlippe-land-oid.de\/index.php\/wp-json\/wp\/v2\/types\/page"}],"author":[{"embeddable":true,"href":"https:\/\/xn--brgerstiftung-emscherlippe-land-oid.de\/index.php\/wp-json\/wp\/v2\/users\/1"}],"replies":[{"embeddable":true,"href":"https:\/\/xn--brgerstiftung-emscherlippe-land-oid.de\/index.php\/wp-json\/wp\/v2\/comments?post=1093"}],"version-history":[{"count":9,"href":"https:\/\/xn--brgerstiftung-emscherlippe-land-oid.de\/index.php\/wp-json\/wp\/v2\/pages\/1093\/revisions"}],"predecessor-version":[{"id":1951,"href":"https:\/\/xn--brgerstiftung-emscherlippe-land-oid.de\/index.php\/wp-json\/wp\/v2\/pages\/1093\/revisions\/1951"}],"up":[{"embeddable":true,"href":"https:\/\/xn--brgerstiftung-emscherlippe-land-oid.de\/index.php\/wp-json\/wp\/v2\/pages\/308"}],"wp:attachment":[{"href":"https:\/\/xn--brgerstiftung-emscherlippe-land-oid.de\/index.php\/wp-json\/wp\/v2\/media?parent=1093"}],"curies":[{"name":"wp","href":"https:\/\/api.w.org\/{rel}","templated":true}]}}